{"id":902,"date":"2024-06-03T09:47:58","date_gmt":"2024-06-03T16:47:58","guid":{"rendered":"https:\/\/phcventures.ca\/?page_id=902"},"modified":"2024-08-30T10:32:02","modified_gmt":"2024-08-30T17:32:02","slug":"history-of-innovation","status":"publish","type":"page","link":"https:\/\/phcventures.ca\/fr\/history-of-innovation\/","title":{"rendered":"Histoire de l'innovation"},"content":{"rendered":"<p>Throughout Providence Health Care&#8217;s history it has discovered and implemented new and better ways to deliver health care and answered problems once thought unsolvable.&nbsp;&nbsp;&nbsp;<\/p>\n<p>These achievements came about through the passion and courage of individuals and teams who were drawn to the culture at Providence &#8211; one that allowed them to pursue solutions to problems they faced in day-to-day care of patients and residents. Our people personify the concept of moonshot thinking.<\/p>\n\t\t\t<a href=\"https:\/\/www.providencehealthcare.org\/sites\/default\/files\/2024-02\/PHCTimeline-23Jan2024.pdf\" target=\"_blank\" rel=\"noopener\">\n\t\t\t\t\t\t\tEn savoir plus\n\t\t\t\t\t<\/a>\n\t\t\t\t<img loading=\"lazy\" decoding=\"async\" src=\"https:\/\/phcventures.ca\/wp-content\/uploads\/2024\/05\/Dr.-Webb_high-res-scaled.jpg\" alt=\"Dr. Webb_high res\" itemprop=\"image\" height=\"1707\" width=\"2560\" title=\"Webb_high res\" onerror=\"this.style.display='none'\">\n<h2>\n\t\tPionniers de la chirurgie mini-invasive des valves cardiaques&nbsp;\n\t<\/h2>\n\t<p>It&#8217;s where Dr. John Webb pioneered a minimally-invasive way to replace heart valves without open heart surgery. This has changed the lives of hundreds of thousands of people globally who would have otherwise been told surgery wasn&#8217;t an option.<\/p>\n\t\t\t\t<img loading=\"lazy\" decoding=\"async\" src=\"https:\/\/phcventures.ca\/wp-content\/uploads\/2024\/05\/foundry.jpg\" alt=\"foundry\" itemprop=\"image\" height=\"610\" width=\"1024\" title=\"fonderie\" onerror=\"this.style.display='none'\">\n<h2>\n\t\tNorth America&#8217;s Leading Model of Integrated Youth Services&nbsp;\n\t<\/h2>\n\t<p>Where Dr. Steve Mathias recognized the urgent need for youth-specific mental health outreach. His idea became Foundry: a place where young people can drop in and get support for mental wellness, substance use, family dynamics, employment, and social connection all under a single roof. Today, there are 23 Foundry locations in communities across BC with 12 more underway. We&#8217;re on our way to transforming an entire generation.\u202f<\/p>\n\t\t\t\t<img loading=\"lazy\" decoding=\"async\" src=\"https:\/\/phcventures.ca\/wp-content\/uploads\/2024\/05\/Dr.Marc-Deyell-headshot.jpg\" alt=\"Dr.Marc-Deyell-headshot\" itemprop=\"image\" height=\"610\" width=\"1024\" title=\"Dr. Marc-Deyell-headshot\" onerror=\"this.style.display='none'\">\n<h2>\n\t\tEssai de nouveaux traitements pour les troubles du rythme cardiaque&nbsp;\n\t<\/h2>\n\t<p>Le Dr Marc Deyell dirige les premiers essais en Colombie-Britannique d'un nouveau dispositif r\u00e9volutionnaire pour traiter les patients souffrant de fibrillation auriculaire. Ce trouble cardiaque effrayant touche plus de 200 000 Canadiens et peut augmenter le risque d'accident vasculaire c\u00e9r\u00e9bral de 500%.<\/p>\n\t\t\t\t<img loading=\"lazy\" decoding=\"async\" src=\"https:\/\/phcventures.ca\/wp-content\/uploads\/2024\/05\/COPDSin_DSC1696-FS-scaled.jpg\" alt=\"COPDSin_DSC1696 FS\" itemprop=\"image\" height=\"1703\" width=\"2560\" title=\"COPDSin_DSC1696 FS\" onerror=\"this.style.display='none'\">\n<h2>\n\t\tAm\u00e9liorer les traitements pour les personnes atteintes de maladies pulmonaires&nbsp;\n\t<\/h2>\n\t<p>It&#8217;s where Dr. Don Sin, who is ranked the top medical expert in COPD across North America and second in the world, work in a lab discovering treatments for patients so they can live longer and better lives.<\/p>\n\t\t\t\t<img loading=\"lazy\" decoding=\"async\" src=\"https:\/\/phcventures.ca\/wp-content\/uploads\/2024\/05\/Together-by-the-Sea-Colour-rendering.jpg\" alt=\"Together by the Sea - Colour rendering\" itemprop=\"image\" height=\"577\" width=\"1027\" title=\"Ensemble au bord de la mer - Rendu des couleurs\" onerror=\"this.style.display='none'\">\n<h2>\n\t\tAm\u00e9liorer l'environnement et l'exp\u00e9rience des Britanno-Colombiens \u00e2g\u00e9s vivant dans des \u00e9tablissements de soins de longue dur\u00e9e &nbsp;\n\t<\/h2>\n\t<p>It&#8217;s where Providence Living emerged as a spin-off organization from PHC, dedicated to revolutionizing the long-term care experience for seniors.<\/p>\n\t\t\t\tS'abonner \u00e0 notre lettre d'information \n\t\t\t\t<p><br><\/p>\n\t\t\t\t\t\t\t\t\t<img loading=\"lazy\" decoding=\"async\" src=\"https:\/\/phcventures.ca\/wp-content\/uploads\/2024\/01\/PHC-Ventures-NoTagline-RGB-1.svg\" alt=\"PHC-Ventures-NoTagline-RGB\" itemprop=\"image\" height=\"150\" width=\"150\" title=\"PHC-Ventures-NoTagline-RGB\" onerror=\"this.style.display='none'\">\n\t<p>Nous tenons \u00e0 reconna\u00eetre humblement et avec gratitude que notre travail est effectu\u00e9 sur les terres non c\u00e9d\u00e9es, traditionnelles, et ancestrales des Salish de la c\u00f4te - et en particulier des x\u02b7m\u04d9\u03b8k\u02b7\u04d9y\u0313\u04d9m (Musqueam), des S\u1e35wx\u0331w\u00fa7mesh (Squamish) et des s\u04d9li\u0313lw\u04d9ta\u026c (Tsleil-Waututh).<\/p>","protected":false},"excerpt":{"rendered":"<p>Throughout Providence Health Care&#8217;s history it has discovered and implemented new and better ways to deliver health care and answered problems once thought unsolvable.&nbsp;&nbsp;&nbsp; These achievements came about through the passion and courage of individuals and teams who were drawn to the culture at Providence &#8211; one that allowed them to pursue solutions to problems&hellip;<\/p>","protected":false},"author":5,"featured_media":909,"parent":0,"menu_order":0,"comment_status":"closed","ping_status":"closed","template":"","meta":{"inline_featured_image":false,"_monsterinsights_skip_tracking":false,"_monsterinsights_sitenote_active":false,"_monsterinsights_sitenote_note":"","_monsterinsights_sitenote_category":0,"footnotes":""},"class_list":["post-902","page","type-page","status-publish","has-post-thumbnail","hentry"],"yoast_head":"<!-- This site is optimized with the Yoast SEO plugin v27.2 - https:\/\/yoast.com\/product\/yoast-seo-wordpress\/ -->\n<title>History of Innovation | Providence Health Care Ventures<\/title>\n<meta name=\"robots\" content=\"index, follow, max-snippet:-1, max-image-preview:large, max-video-preview:-1\" \/>\n<link rel=\"canonical\" href=\"https:\/\/phcventures.ca\/fr\/history-of-innovation\/\" \/>\n<meta property=\"og:locale\" content=\"fr_CA\" \/>\n<meta property=\"og:type\" content=\"article\" \/>\n<meta property=\"og:title\" content=\"History of Innovation | Providence Health Care Ventures\" \/>\n<meta property=\"og:description\" content=\"Throughout Providence Health Care&#8217;s history it has discovered and implemented new and better ways to deliver health care and answered problems once thought unsolvable.&nbsp;&nbsp;&nbsp; These achievements came about through the passion and courage of individuals and teams who were drawn to the culture at Providence &#8211; one that allowed them to pursue solutions to problems&hellip;\" \/>\n<meta property=\"og:url\" content=\"https:\/\/phcventures.ca\/fr\/history-of-innovation\/\" \/>\n<meta property=\"og:site_name\" content=\"Providence Health Care Ventures\" \/>\n<meta property=\"article:modified_time\" content=\"2024-08-30T17:32:02+00:00\" \/>\n<meta property=\"og:image\" content=\"https:\/\/phcventures.ca\/wp-content\/uploads\/2024\/05\/1-1.png\" \/>\n\t<meta property=\"og:image:width\" content=\"1024\" \/>\n\t<meta property=\"og:image:height\" content=\"610\" \/>\n\t<meta property=\"og:image:type\" content=\"image\/png\" \/>\n<meta name=\"twitter:card\" content=\"summary_large_image\" \/>\n<meta name=\"twitter:label1\" content=\"Estimation du temps de lecture\" \/>\n\t<meta name=\"twitter:data1\" content=\"4 minutes\" \/>\n<script type=\"application\/ld+json\" class=\"yoast-schema-graph\">{\"@context\":\"https:\/\/schema.org\",\"@graph\":[{\"@type\":\"WebPage\",\"@id\":\"https:\/\/phcventures.ca\/history-of-innovation\/\",\"url\":\"https:\/\/phcventures.ca\/history-of-innovation\/\",\"name\":\"History of Innovation | Providence Health Care Ventures\",\"isPartOf\":{\"@id\":\"https:\/\/phcventures.ca\/#website\"},\"primaryImageOfPage\":{\"@id\":\"https:\/\/phcventures.ca\/history-of-innovation\/#primaryimage\"},\"image\":{\"@id\":\"https:\/\/phcventures.ca\/history-of-innovation\/#primaryimage\"},\"thumbnailUrl\":\"https:\/\/phcventures.ca\/wp-content\/uploads\/2024\/05\/1-1.png\",\"datePublished\":\"2024-06-03T16:47:58+00:00\",\"dateModified\":\"2024-08-30T17:32:02+00:00\",\"breadcrumb\":{\"@id\":\"https:\/\/phcventures.ca\/history-of-innovation\/#breadcrumb\"},\"inLanguage\":\"fr-CA\",\"potentialAction\":[{\"@type\":\"ReadAction\",\"target\":[\"https:\/\/phcventures.ca\/history-of-innovation\/\"]}]},{\"@type\":\"ImageObject\",\"inLanguage\":\"fr-CA\",\"@id\":\"https:\/\/phcventures.ca\/history-of-innovation\/#primaryimage\",\"url\":\"https:\/\/phcventures.ca\/wp-content\/uploads\/2024\/05\/1-1.png\",\"contentUrl\":\"https:\/\/phcventures.ca\/wp-content\/uploads\/2024\/05\/1-1.png\",\"width\":1024,\"height\":610},{\"@type\":\"BreadcrumbList\",\"@id\":\"https:\/\/phcventures.ca\/history-of-innovation\/#breadcrumb\",\"itemListElement\":[{\"@type\":\"ListItem\",\"position\":1,\"name\":\"Home\",\"item\":\"https:\/\/phcventures.ca\/\"},{\"@type\":\"ListItem\",\"position\":2,\"name\":\"History of Innovation\"}]},{\"@type\":\"WebSite\",\"@id\":\"https:\/\/phcventures.ca\/#website\",\"url\":\"https:\/\/phcventures.ca\/\",\"name\":\"Providence Health Care Ventures\",\"description\":\"\",\"publisher\":{\"@id\":\"https:\/\/phcventures.ca\/#organization\"},\"potentialAction\":[{\"@type\":\"SearchAction\",\"target\":{\"@type\":\"EntryPoint\",\"urlTemplate\":\"https:\/\/phcventures.ca\/?s={search_term_string}\"},\"query-input\":{\"@type\":\"PropertyValueSpecification\",\"valueRequired\":true,\"valueName\":\"search_term_string\"}}],\"inLanguage\":\"fr-CA\"},{\"@type\":\"Organization\",\"@id\":\"https:\/\/phcventures.ca\/#organization\",\"name\":\"Providence Health Care Ventures\",\"url\":\"https:\/\/phcventures.ca\/\",\"logo\":{\"@type\":\"ImageObject\",\"inLanguage\":\"fr-CA\",\"@id\":\"https:\/\/phcventures.ca\/#\/schema\/logo\/image\/\",\"url\":\"https:\/\/phcventures.ca\/wp-content\/uploads\/2024\/01\/PHC-Ventures-NoTagline-RGB-1.svg\",\"contentUrl\":\"https:\/\/phcventures.ca\/wp-content\/uploads\/2024\/01\/PHC-Ventures-NoTagline-RGB-1.svg\",\"width\":\"1024\",\"height\":\"1024\",\"caption\":\"Providence Health Care Ventures\"},\"image\":{\"@id\":\"https:\/\/phcventures.ca\/#\/schema\/logo\/image\/\"}}]}<\/script>\n<!-- \/ Yoast SEO plugin. -->","yoast_head_json":{"title":"History of Innovation | Providence Health Care Ventures","robots":{"index":"index","follow":"follow","max-snippet":"max-snippet:-1","max-image-preview":"max-image-preview:large","max-video-preview":"max-video-preview:-1"},"canonical":"https:\/\/phcventures.ca\/fr\/history-of-innovation\/","og_locale":"fr_CA","og_type":"article","og_title":"History of Innovation | Providence Health Care Ventures","og_description":"Throughout Providence Health Care&#8217;s history it has discovered and implemented new and better ways to deliver health care and answered problems once thought unsolvable.&nbsp;&nbsp;&nbsp; These achievements came about through the passion and courage of individuals and teams who were drawn to the culture at Providence &#8211; one that allowed them to pursue solutions to problems&hellip;","og_url":"https:\/\/phcventures.ca\/fr\/history-of-innovation\/","og_site_name":"Providence Health Care Ventures","article_modified_time":"2024-08-30T17:32:02+00:00","og_image":[{"width":1024,"height":610,"url":"https:\/\/phcventures.ca\/wp-content\/uploads\/2024\/05\/1-1.png","type":"image\/png"}],"twitter_card":"summary_large_image","twitter_misc":{"Estimation du temps de lecture":"4 minutes"},"schema":{"@context":"https:\/\/schema.org","@graph":[{"@type":"WebPage","@id":"https:\/\/phcventures.ca\/history-of-innovation\/","url":"https:\/\/phcventures.ca\/history-of-innovation\/","name":"History of Innovation | Providence Health Care Ventures","isPartOf":{"@id":"https:\/\/phcventures.ca\/#website"},"primaryImageOfPage":{"@id":"https:\/\/phcventures.ca\/history-of-innovation\/#primaryimage"},"image":{"@id":"https:\/\/phcventures.ca\/history-of-innovation\/#primaryimage"},"thumbnailUrl":"https:\/\/phcventures.ca\/wp-content\/uploads\/2024\/05\/1-1.png","datePublished":"2024-06-03T16:47:58+00:00","dateModified":"2024-08-30T17:32:02+00:00","breadcrumb":{"@id":"https:\/\/phcventures.ca\/history-of-innovation\/#breadcrumb"},"inLanguage":"fr-CA","potentialAction":[{"@type":"ReadAction","target":["https:\/\/phcventures.ca\/history-of-innovation\/"]}]},{"@type":"ImageObject","inLanguage":"fr-CA","@id":"https:\/\/phcventures.ca\/history-of-innovation\/#primaryimage","url":"https:\/\/phcventures.ca\/wp-content\/uploads\/2024\/05\/1-1.png","contentUrl":"https:\/\/phcventures.ca\/wp-content\/uploads\/2024\/05\/1-1.png","width":1024,"height":610},{"@type":"BreadcrumbList","@id":"https:\/\/phcventures.ca\/history-of-innovation\/#breadcrumb","itemListElement":[{"@type":"ListItem","position":1,"name":"Home","item":"https:\/\/phcventures.ca\/"},{"@type":"ListItem","position":2,"name":"History of Innovation"}]},{"@type":"WebSite","@id":"https:\/\/phcventures.ca\/#website","url":"https:\/\/phcventures.ca\/","name":"Providence Health Care Ventures","description":"","publisher":{"@id":"https:\/\/phcventures.ca\/#organization"},"potentialAction":[{"@type":"SearchAction","target":{"@type":"EntryPoint","urlTemplate":"https:\/\/phcventures.ca\/?s={search_term_string}"},"query-input":{"@type":"PropertyValueSpecification","valueRequired":true,"valueName":"search_term_string"}}],"inLanguage":"fr-CA"},{"@type":"Organization","@id":"https:\/\/phcventures.ca\/#organization","name":"Providence Health Care Ventures","url":"https:\/\/phcventures.ca\/","logo":{"@type":"ImageObject","inLanguage":"fr-CA","@id":"https:\/\/phcventures.ca\/#\/schema\/logo\/image\/","url":"https:\/\/phcventures.ca\/wp-content\/uploads\/2024\/01\/PHC-Ventures-NoTagline-RGB-1.svg","contentUrl":"https:\/\/phcventures.ca\/wp-content\/uploads\/2024\/01\/PHC-Ventures-NoTagline-RGB-1.svg","width":"1024","height":"1024","caption":"Providence Health Care Ventures"},"image":{"@id":"https:\/\/phcventures.ca\/#\/schema\/logo\/image\/"}}]}},"_links":{"self":[{"href":"https:\/\/phcventures.ca\/fr\/wp-json\/wp\/v2\/pages\/902","targetHints":{"allow":["GET"]}}],"collection":[{"href":"https:\/\/phcventures.ca\/fr\/wp-json\/wp\/v2\/pages"}],"about":[{"href":"https:\/\/phcventures.ca\/fr\/wp-json\/wp\/v2\/types\/page"}],"author":[{"embeddable":true,"href":"https:\/\/phcventures.ca\/fr\/wp-json\/wp\/v2\/users\/5"}],"replies":[{"embeddable":true,"href":"https:\/\/phcventures.ca\/fr\/wp-json\/wp\/v2\/comments?post=902"}],"version-history":[{"count":5,"href":"https:\/\/phcventures.ca\/fr\/wp-json\/wp\/v2\/pages\/902\/revisions"}],"predecessor-version":[{"id":1761,"href":"https:\/\/phcventures.ca\/fr\/wp-json\/wp\/v2\/pages\/902\/revisions\/1761"}],"wp:featuredmedia":[{"embeddable":true,"href":"https:\/\/phcventures.ca\/fr\/wp-json\/wp\/v2\/media\/909"}],"wp:attachment":[{"href":"https:\/\/phcventures.ca\/fr\/wp-json\/wp\/v2\/media?parent=902"}],"curies":[{"name":"wp","href":"https:\/\/api.w.org\/{rel}","templated":true}]}}