{"id":836,"date":"2024-05-09T10:20:17","date_gmt":"2024-05-09T17:20:17","guid":{"rendered":"https:\/\/phcventures.ca\/?page_id=836"},"modified":"2026-01-08T10:25:17","modified_gmt":"2026-01-08T18:25:17","slug":"about","status":"publish","type":"page","link":"https:\/\/phcventures.ca\/fr\/about\/","title":{"rendered":"A propos de"},"content":{"rendered":"<h2>A propos de<\/h2>\n\t<h2>qui nous sommes<\/h2>\n\t<p>PHC Ventures est la plateforme de technologie et de commercialisation de <strong><a href=\"https:\/\/www.providencehealthcare.org\/en\" target=\"_blank\" rel=\"noreferrer noopener\">Providence Health Care (PHC)<\/a><\/strong>. Our team identifies, nurtures, and deploys innovations that advance health care, generating proceeds that are reinvested back into PHC and the health system.\u00a0<\/p>\n\t<h2>notre objectif<\/h2>\n\t<p>We foster a thriving ecosystem where opportunities for growth, validation, and scaling abound. We leverage our expertise in essential health domains, such as cardiac, renal diseases, substance use medicine, and infectious diseases, to forge meaningful connections and partnerships.\u00a0<\/p>\n\t\t\t\t<img decoding=\"async\" src=\"https:\/\/phcventures.ca\/wp-content\/uploads\/2024\/05\/46.jpg\" alt=\"46\" itemprop=\"image\" height=\"1080\" width=\"1920\" title=\"46\" onerror=\"this.style.display='none'\" loading=\"lazy\" \/>\n\t<p>The Canadian health care, regulatory, and technology landscapes are complex, but at PHC Ventures, we navigate these with precision and expertise. We act as conductors, ensuring harmony; as fixers, smoothing out the path; and as matchmakers, forging partnerships that bring visions to life. With access to PHC clinicians and a network of technology and data specialists, we offer a partnership that extends beyond simply innovation-we are eager to lead the charge in transforming Canadian health care.<\/p>\n\t\t\t\t\t\t\t\t\t<img loading=\"lazy\" decoding=\"async\" src=\"https:\/\/phcventures.ca\/wp-content\/uploads\/bb-plugin\/cache\/18-1-square.jpg\" alt=\"18\" itemprop=\"image\" height=\"1000\" width=\"1000\" title=\"18\" onerror=\"this.style.display='none'\"  \/>\n\t\t\t\t\t\t\t\t\t\t\t<img loading=\"lazy\" decoding=\"async\" src=\"https:\/\/phcventures.ca\/wp-content\/uploads\/bb-plugin\/cache\/19-1-square.jpg\" alt=\"19\" itemprop=\"image\" height=\"1000\" width=\"1000\" title=\"19\" onerror=\"this.style.display='none'\"  \/>\n\t\t<h2>\n\t\t\tExp\u00e9rience confirm\u00e9e\n\t\t<\/h2>\n\t\t\t<p>We push boundaries to advance health care, leveraging PHC&#8217;s global reputation for expertise and innovation.\u00a0<\/p>\t\t\n\t\t\t\t\t\t\t\t\t<img loading=\"lazy\" decoding=\"async\" src=\"https:\/\/phcventures.ca\/wp-content\/uploads\/bb-plugin\/cache\/43-1-square.jpg\" alt=\"43\" itemprop=\"image\" height=\"875\" width=\"875\" title=\"43\" onerror=\"this.style.display='none'\"  \/>\n\t\t\t\t\t\t\t\t\t\t\t<img loading=\"lazy\" decoding=\"async\" src=\"https:\/\/phcventures.ca\/wp-content\/uploads\/bb-plugin\/cache\/44-1-square.jpg\" alt=\"44\" itemprop=\"image\" height=\"875\" width=\"875\" title=\"44\" onerror=\"this.style.display='none'\"  \/>\n\t\t<h2>\n\t\t\tUn \u00e9cosyst\u00e8me in\u00e9gal\u00e9\n\t\t<\/h2>\n\t\t\t<p>Notre cadre est celui d'une autorit\u00e9 provinciale de sant\u00e9 agile qui a la r\u00e9putation d'agir, qui compte des experts mondiaux en mati\u00e8re de sant\u00e9 et qui a fait ses preuves en mati\u00e8re d'innovation. Sa taille et son envergure en font un environnement id\u00e9al pour tester et mettre \u00e0 l'\u00e9chelle.<\/p>\t\t\n\t\t\t\t\t\t\t\t\t<img loading=\"lazy\" decoding=\"async\" src=\"https:\/\/phcventures.ca\/wp-content\/uploads\/bb-plugin\/cache\/46-1-square.jpg\" alt=\"46\" itemprop=\"image\" height=\"875\" width=\"875\" title=\"46\" onerror=\"this.style.display='none'\"  \/>\n\t\t\t\t\t\t\t\t\t\t\t<img loading=\"lazy\" decoding=\"async\" src=\"https:\/\/phcventures.ca\/wp-content\/uploads\/bb-plugin\/cache\/45-square.jpg\" alt=\"45\" itemprop=\"image\" height=\"875\" width=\"875\" title=\"45\" onerror=\"this.style.display='none'\"  \/>\n\t\t<h2>\n\t\t\tEsprit d'entreprise\n\t\t<\/h2>\n\t\t\t<p>As entrepreneurs, we actively co-develop health solutions, forge unconventional partnerships, and invest in health start-ups, leveraging technology and data to traverse gaps and smooth the path for innovations.\u00a0<\/p>\t\t\n\t<h2>Conseil d'administration<\/h2>\n\t\t\t\t<a href=\"https:\/\/www.linkedin.com\/in\/neysa-finnie\/\"  target=\"_blank\" rel=\"noopener\"  itemprop=\"url\">\n\t\t\t\t<img decoding=\"async\" src=\"https:\/\/phcventures.ca\/wp-content\/uploads\/bb-plugin\/cache\/Neysa-Finnie-circle-d6c34c89747f87f457c9e691ebe4934f-.jpg\" alt=\"Neysa Finnie\" itemprop=\"image\" height=\"640\" width=\"640\" title=\"Neysa Finnie\" onerror=\"this.style.display='none'\" loading=\"lazy\" \/>\n\t\t\t\t<\/a>\n<h3><a href=\"https:\/\/www.linkedin.com\/in\/neysa-finnie\/\" target=\"_blank\"  rel=\"noopener\">Neysa Finnie<\/a><\/h3>Vice-pr\u00e9sident, Affaires juridiques<br \/>\nPhotonique\n<a href=\"https:\/\/www.linkedin.com\/in\/neysa-finnie\/\"  rel=\"noopener\"  target=\"_blank\">LinkedIn<\/a>\t\n\t\t\t\t<img decoding=\"async\" src=\"https:\/\/phcventures.ca\/wp-content\/uploads\/bb-plugin\/cache\/Michael-Kennedy-circle-dd5066c32a36334073bbba7e03461668-.jpg\" alt=\"Michael Kennedy\" itemprop=\"image\" height=\"640\" width=\"640\" title=\"Michael Kennedy\" onerror=\"this.style.display='none'\" loading=\"lazy\" \/>\n<h3>Michael Kennedy<\/h3><p>Consultant principal <br \/>MGK Advisory Services<\/p>\n\t\t\t\t<a href=\"https:\/\/www.linkedin.com\/in\/dan-wilton-13193\/\"  target=\"_blank\" rel=\"noopener\"  itemprop=\"url\">\n\t\t\t\t<img decoding=\"async\" src=\"https:\/\/phcventures.ca\/wp-content\/uploads\/bb-plugin\/cache\/Dan-Wilton-circle-2982efb22f47dcc7583390a4c6b193a3-.jpg\" alt=\"Dan Wilton\" itemprop=\"image\" height=\"640\" width=\"640\" title=\"Dan Wilton\" onerror=\"this.style.display='none'\" loading=\"lazy\" \/>\n\t\t\t\t<\/a>\n<h3><a href=\"https:\/\/www.linkedin.com\/in\/dan-wilton-13193\/\" target=\"_blank\"  rel=\"noopener\">Dan Wilton<\/a><\/h3>Directeur g\u00e9n\u00e9ral<br \/>\nFirst Mining Gold Corp.\n<a href=\"https:\/\/www.linkedin.com\/in\/dan-wilton-13193\/\"  rel=\"noopener\"  target=\"_blank\">LinkedIn<\/a>\t\n\t\t\t\t<a href=\"https:\/\/www.linkedin.com\/in\/fiona-dalton-83193710\/\"  target=\"_blank\" rel=\"noopener\"  itemprop=\"url\">\n\t\t\t\t<img decoding=\"async\" src=\"https:\/\/phcventures.ca\/wp-content\/uploads\/bb-plugin\/cache\/Fiona-Dalton-circle-f252d9fb8fc0e52a9ac7c8347d81750d-.jpg\" alt=\"Fiona Dalton\" itemprop=\"image\" height=\"640\" width=\"640\" title=\"Fiona Dalton\" onerror=\"this.style.display='none'\" loading=\"lazy\" \/>\n\t\t\t\t<\/a>\n<h3><a href=\"https:\/\/www.linkedin.com\/in\/fiona-dalton-83193710\/\" target=\"_blank\"  rel=\"noopener\">Fiona Dalton<\/a><\/h3><p>Pr\u00e9sident et directeur g\u00e9n\u00e9ral Providence Health Care<\/p>\n<a href=\"https:\/\/www.linkedin.com\/in\/fiona-dalton-83193710\/\"  rel=\"noopener\"  target=\"_blank\">LinkedIn<\/a>\t\n\t<h2>L'\u00e9quipe dirigeante<\/h2>\n\t\t\t\t<a href=\"https:\/\/www.linkedin.com\/in\/briansimmers\/\"  target=\"_blank\" rel=\"noopener\"  itemprop=\"url\">\n\t\t\t\t<img decoding=\"async\" src=\"https:\/\/phcventures.ca\/wp-content\/uploads\/bb-plugin\/cache\/Brian-Simmers-circle-691ef908a1327f831f7146bc47e00949-.jpg\" alt=\"Brian-Simmers\" itemprop=\"image\" height=\"640\" width=\"640\" title=\"Brian-Simmers\" onerror=\"this.style.display='none'\" loading=\"lazy\" \/>\n\t\t\t\t<\/a>\n<h3><a href=\"https:\/\/www.linkedin.com\/in\/briansimmers\/\" target=\"_blank\"  rel=\"noopener\">Brian Simmers<\/a><\/h3><p>Pr\u00e9sident Ventures &amp; CFO Providence Health Care<\/p>\n<a href=\"https:\/\/www.linkedin.com\/in\/briansimmers\/\"  rel=\"noopener\"  target=\"_blank\">LinkedIn<\/a>\t\n\t\t\t\t<a href=\"https:\/\/www.linkedin.com\/in\/kristinajelaskoff\/\"  target=\"_blank\" rel=\"noopener\"  itemprop=\"url\">\n\t\t\t\t<img decoding=\"async\" src=\"https:\/\/phcventures.ca\/wp-content\/uploads\/bb-plugin\/cache\/Kristina-Jekaskoff-circle-af86929480a782bbb357d5d9281d345e-.jpg\" alt=\"Kristina-Jekaskoff\" itemprop=\"image\" height=\"640\" width=\"640\" title=\"Kristina-Jekaskoff\" onerror=\"this.style.display='none'\" loading=\"lazy\" \/>\n\t\t\t\t<\/a>\n<h3><a href=\"https:\/\/www.linkedin.com\/in\/kristinajelaskoff\/\" target=\"_blank\"  rel=\"noopener\">Kristina Jelaskoff<\/a><\/h3><p>Directeur, Programmes num\u00e9riques et services consultatifs<\/p>\n<a href=\"https:\/\/www.linkedin.com\/in\/kristinajelaskoff\/\"  rel=\"noopener\"  target=\"_blank\">LinkedIn<\/a>\t\n\t\t\t\t<a href=\"https:\/\/www.linkedin.com\/in\/vdevdas\/\"  target=\"_blank\" rel=\"noopener\"  itemprop=\"url\">\n\t\t\t\t<img decoding=\"async\" src=\"https:\/\/phcventures.ca\/wp-content\/uploads\/bb-plugin\/cache\/Vikrram-Devdas-headshot-circle-f85385b31d43f72f8a31a743ff624e70-.jpg\" alt=\"Vikram Devdas headshot\" itemprop=\"image\" height=\"640\" width=\"640\" title=\"Vikrram-Devdas-coup de t\u00eate\" onerror=\"this.style.display='none'\" loading=\"lazy\" \/>\n\t\t\t\t<\/a>\n<h3><a href=\"https:\/\/www.linkedin.com\/in\/vdevdas\/\" target=\"_blank\"  rel=\"noopener\">Vikram Devdas<\/a><\/h3><p>Directeur principal, Technologie<\/p>\n<a href=\"https:\/\/www.linkedin.com\/in\/vdevdas\/\"  rel=\"noopener\"  target=\"_blank\">LinkedIn<\/a>\t\n\t\t\t\t<img decoding=\"async\" src=\"https:\/\/phcventures.ca\/wp-content\/uploads\/bb-plugin\/cache\/Steven-Bao-circle-e297c586448fb7c11781c13cc8bee097-.jpg\" alt=\"Steven-Bao\" itemprop=\"image\" height=\"640\" width=\"640\" title=\"Steven-Bao\" onerror=\"this.style.display='none'\" loading=\"lazy\" \/>\n<h3>Steven Bao<\/h3><p>Directeur, Finances et investissements<\/p>\n\t\t\t\t<a href=\"https:\/\/www.linkedin.com\/in\/stuartbowyer\/\"  target=\"_blank\" rel=\"noopener\"  itemprop=\"url\">\n\t\t\t\t<img decoding=\"async\" src=\"https:\/\/phcventures.ca\/wp-content\/uploads\/bb-plugin\/cache\/Stuart-Bowyer-circle-4624240d2d54bc0e2693416341d3860c-.jpg\" alt=\"Stuart-Bowyer\" itemprop=\"image\" height=\"640\" width=\"640\" title=\"Stuart-Bowyer\" onerror=\"this.style.display='none'\" loading=\"lazy\" \/>\n\t\t\t\t<\/a>\n<h3><a href=\"https:\/\/www.linkedin.com\/in\/stuartbowyer\/\" target=\"_blank\"  rel=\"noopener\">Stuart Bowyer<\/a><\/h3><p>Directeur principal, Commercialisation et partenariats<\/p>\n<a href=\"https:\/\/www.linkedin.com\/in\/stuartbowyer\/\"  rel=\"noopener\"  target=\"_blank\">LinkedIn<\/a>\t\n\t\t\t\t<a href=\"https:\/\/www.linkedin.com\/in\/soyean-kim-2381941aa\/\"  target=\"_blank\" rel=\"noopener\"  itemprop=\"url\">\n\t\t\t\t<img decoding=\"async\" src=\"https:\/\/phcventures.ca\/wp-content\/uploads\/bb-plugin\/cache\/Soyean-Kim-headshot-circle-6636bdb47b2c18f18e7806d65f688815-.jpg\" alt=\"Soyean Kim headshot\" itemprop=\"image\" height=\"640\" width=\"640\" title=\"Soyean-Kim-coup de t\u00eate\" onerror=\"this.style.display='none'\" loading=\"lazy\" \/>\n\t\t\t\t<\/a>\n<h3><a href=\"https:\/\/www.linkedin.com\/in\/soyean-kim-2381941aa\/\" target=\"_blank\"  rel=\"noopener\">Soyean Kim<\/a><\/h3><p>Directeur, Gouvernance des donn\u00e9es et de l'IA<\/p>\n<a href=\"https:\/\/www.linkedin.com\/in\/soyean-kim-2381941aa\/\"  rel=\"noopener\"  target=\"_blank\">LinkedIn<\/a>\t\n\t\t\t\tRejoindre la liste de diffusion\n\t\t\t\t<p><br \/><\/p>\n\t\t\t\t\t\t\t\t\t<img loading=\"lazy\" decoding=\"async\" src=\"https:\/\/phcventures.ca\/wp-content\/uploads\/2024\/01\/PHC-Ventures-NoTagline-RGB-1.svg\" alt=\"Providence Health Care Ventures logo\" itemprop=\"image\" height=\"150\" width=\"150\" title=\"PHC-Ventures-NoTagline-RGB\" onerror=\"this.style.display='none'\"  \/>\n\t<p>Nous tenons \u00e0 reconna\u00eetre humblement et avec gratitude que notre travail est effectu\u00e9 sur les terres non c\u00e9d\u00e9es, traditionnelles, et ancestrales des Salish de la c\u00f4te - et en particulier des x\u02b7m\u04d9\u03b8k\u02b7\u04d9y\u0313\u04d9m (Musqueam), des S\u1e35wx\u0331w\u00fa7mesh (Squamish) et des s\u04d9li\u0313lw\u04d9ta\u026c (Tsleil-Waututh).<\/p>","protected":false},"excerpt":{"rendered":"<p>About who we are PHC Ventures is the technology and commercialization platform of Providence Health Care (PHC). Our team identifies, nurtures, and deploys innovations that advance health care, generating proceeds that are reinvested back into PHC and the health system.\u00a0 our purpose We foster a thriving ecosystem where opportunities for growth, validation, and scaling abound.&hellip;<\/p>","protected":false},"author":5,"featured_media":178,"parent":0,"menu_order":0,"comment_status":"closed","ping_status":"closed","template":"","meta":{"inline_featured_image":false,"_monsterinsights_skip_tracking":false,"_monsterinsights_sitenote_active":false,"_monsterinsights_sitenote_note":"","_monsterinsights_sitenote_category":0,"footnotes":""},"class_list":["post-836","page","type-page","status-publish","has-post-thumbnail","hentry"],"yoast_head":"<!-- This site is optimized with the Yoast SEO plugin v27.4 - https:\/\/yoast.com\/product\/yoast-seo-wordpress\/ -->\n<title>Providence Health Care Ventures<\/title>\n<meta name=\"description\" content=\"We are a collaborative innovation team engaged with industry partners to co-develop technology-driven solutions for complex health issues.\" \/>\n<meta name=\"robots\" content=\"index, follow, max-snippet:-1, max-image-preview:large, max-video-preview:-1\" \/>\n<link rel=\"canonical\" href=\"https:\/\/phcventures.ca\/fr\/about\/\" \/>\n<meta property=\"og:locale\" content=\"fr_CA\" \/>\n<meta property=\"og:type\" content=\"article\" \/>\n<meta property=\"og:title\" content=\"Providence Health Care Ventures\" \/>\n<meta property=\"og:description\" content=\"We are a collaborative innovation team engaged with industry partners to co-develop technology-driven solutions for complex health issues.\" \/>\n<meta property=\"og:url\" content=\"https:\/\/phcventures.ca\/fr\/about\/\" \/>\n<meta property=\"og:site_name\" content=\"Providence Health Care Ventures\" \/>\n<meta property=\"article:modified_time\" content=\"2026-01-08T18:25:17+00:00\" \/>\n<meta property=\"og:image\" content=\"https:\/\/phcventures.ca\/wp-content\/uploads\/2022\/04\/PHCV.jpg\" \/>\n\t<meta property=\"og:image:width\" content=\"1200\" \/>\n\t<meta property=\"og:image:height\" content=\"630\" \/>\n\t<meta property=\"og:image:type\" content=\"image\/jpeg\" \/>\n<meta name=\"twitter:card\" content=\"summary_large_image\" \/>\n<meta name=\"twitter:label1\" content=\"Estimation du temps de lecture\" \/>\n\t<meta name=\"twitter:data1\" content=\"8 minutes\" \/>\n<script type=\"application\/ld+json\" class=\"yoast-schema-graph\">{\"@context\":\"https:\\\/\\\/schema.org\",\"@graph\":[{\"@type\":\"WebPage\",\"@id\":\"https:\\\/\\\/phcventures.ca\\\/about\\\/\",\"url\":\"https:\\\/\\\/phcventures.ca\\\/about\\\/\",\"name\":\"Providence Health Care Ventures\",\"isPartOf\":{\"@id\":\"https:\\\/\\\/phcventures.ca\\\/#website\"},\"primaryImageOfPage\":{\"@id\":\"https:\\\/\\\/phcventures.ca\\\/about\\\/#primaryimage\"},\"image\":{\"@id\":\"https:\\\/\\\/phcventures.ca\\\/about\\\/#primaryimage\"},\"thumbnailUrl\":\"https:\\\/\\\/phcventures.ca\\\/wp-content\\\/uploads\\\/2022\\\/04\\\/PHCV.jpg\",\"datePublished\":\"2024-05-09T17:20:17+00:00\",\"dateModified\":\"2026-01-08T18:25:17+00:00\",\"description\":\"We are a collaborative innovation team engaged with industry partners to co-develop technology-driven solutions for complex health issues.\",\"breadcrumb\":{\"@id\":\"https:\\\/\\\/phcventures.ca\\\/about\\\/#breadcrumb\"},\"inLanguage\":\"fr-CA\",\"potentialAction\":[{\"@type\":\"ReadAction\",\"target\":[\"https:\\\/\\\/phcventures.ca\\\/about\\\/\"]}]},{\"@type\":\"ImageObject\",\"inLanguage\":\"fr-CA\",\"@id\":\"https:\\\/\\\/phcventures.ca\\\/about\\\/#primaryimage\",\"url\":\"https:\\\/\\\/phcventures.ca\\\/wp-content\\\/uploads\\\/2022\\\/04\\\/PHCV.jpg\",\"contentUrl\":\"https:\\\/\\\/phcventures.ca\\\/wp-content\\\/uploads\\\/2022\\\/04\\\/PHCV.jpg\",\"width\":1200,\"height\":630},{\"@type\":\"BreadcrumbList\",\"@id\":\"https:\\\/\\\/phcventures.ca\\\/about\\\/#breadcrumb\",\"itemListElement\":[{\"@type\":\"ListItem\",\"position\":1,\"name\":\"Home\",\"item\":\"https:\\\/\\\/phcventures.ca\\\/\"},{\"@type\":\"ListItem\",\"position\":2,\"name\":\"About\"}]},{\"@type\":\"WebSite\",\"@id\":\"https:\\\/\\\/phcventures.ca\\\/#website\",\"url\":\"https:\\\/\\\/phcventures.ca\\\/\",\"name\":\"Providence Health Care Ventures\",\"description\":\"\",\"publisher\":{\"@id\":\"https:\\\/\\\/phcventures.ca\\\/#organization\"},\"potentialAction\":[{\"@type\":\"SearchAction\",\"target\":{\"@type\":\"EntryPoint\",\"urlTemplate\":\"https:\\\/\\\/phcventures.ca\\\/?s={search_term_string}\"},\"query-input\":{\"@type\":\"PropertyValueSpecification\",\"valueRequired\":true,\"valueName\":\"search_term_string\"}}],\"inLanguage\":\"fr-CA\"},{\"@type\":\"Organization\",\"@id\":\"https:\\\/\\\/phcventures.ca\\\/#organization\",\"name\":\"Providence Health Care Ventures\",\"url\":\"https:\\\/\\\/phcventures.ca\\\/\",\"logo\":{\"@type\":\"ImageObject\",\"inLanguage\":\"fr-CA\",\"@id\":\"https:\\\/\\\/phcventures.ca\\\/#\\\/schema\\\/logo\\\/image\\\/\",\"url\":\"https:\\\/\\\/phcventures.ca\\\/wp-content\\\/uploads\\\/2024\\\/01\\\/PHC-Ventures-NoTagline-RGB-1.svg\",\"contentUrl\":\"https:\\\/\\\/phcventures.ca\\\/wp-content\\\/uploads\\\/2024\\\/01\\\/PHC-Ventures-NoTagline-RGB-1.svg\",\"width\":\"1024\",\"height\":\"1024\",\"caption\":\"Providence Health Care Ventures\"},\"image\":{\"@id\":\"https:\\\/\\\/phcventures.ca\\\/#\\\/schema\\\/logo\\\/image\\\/\"}}]}<\/script>\n<!-- \/ Yoast SEO plugin. -->","yoast_head_json":{"title":"Providence Health Care Ventures","description":"Nous sommes une \u00e9quipe d'innovation collaborative engag\u00e9e avec des partenaires de l'industrie pour d\u00e9velopper conjointement des solutions technologiques \u00e0 des probl\u00e8mes de sant\u00e9 complexes.","robots":{"index":"index","follow":"follow","max-snippet":"max-snippet:-1","max-image-preview":"max-image-preview:large","max-video-preview":"max-video-preview:-1"},"canonical":"https:\/\/phcventures.ca\/fr\/about\/","og_locale":"fr_CA","og_type":"article","og_title":"Providence Health Care Ventures","og_description":"We are a collaborative innovation team engaged with industry partners to co-develop technology-driven solutions for complex health issues.","og_url":"https:\/\/phcventures.ca\/fr\/about\/","og_site_name":"Providence Health Care Ventures","article_modified_time":"2026-01-08T18:25:17+00:00","og_image":[{"width":1200,"height":630,"url":"https:\/\/phcventures.ca\/wp-content\/uploads\/2022\/04\/PHCV.jpg","type":"image\/jpeg"}],"twitter_card":"summary_large_image","twitter_misc":{"Estimation du temps de lecture":"8 minutes"},"schema":{"@context":"https:\/\/schema.org","@graph":[{"@type":"WebPage","@id":"https:\/\/phcventures.ca\/about\/","url":"https:\/\/phcventures.ca\/about\/","name":"Providence Health Care Ventures","isPartOf":{"@id":"https:\/\/phcventures.ca\/#website"},"primaryImageOfPage":{"@id":"https:\/\/phcventures.ca\/about\/#primaryimage"},"image":{"@id":"https:\/\/phcventures.ca\/about\/#primaryimage"},"thumbnailUrl":"https:\/\/phcventures.ca\/wp-content\/uploads\/2022\/04\/PHCV.jpg","datePublished":"2024-05-09T17:20:17+00:00","dateModified":"2026-01-08T18:25:17+00:00","description":"Nous sommes une \u00e9quipe d'innovation collaborative engag\u00e9e avec des partenaires de l'industrie pour d\u00e9velopper conjointement des solutions technologiques \u00e0 des probl\u00e8mes de sant\u00e9 complexes.","breadcrumb":{"@id":"https:\/\/phcventures.ca\/about\/#breadcrumb"},"inLanguage":"fr-CA","potentialAction":[{"@type":"ReadAction","target":["https:\/\/phcventures.ca\/about\/"]}]},{"@type":"ImageObject","inLanguage":"fr-CA","@id":"https:\/\/phcventures.ca\/about\/#primaryimage","url":"https:\/\/phcventures.ca\/wp-content\/uploads\/2022\/04\/PHCV.jpg","contentUrl":"https:\/\/phcventures.ca\/wp-content\/uploads\/2022\/04\/PHCV.jpg","width":1200,"height":630},{"@type":"BreadcrumbList","@id":"https:\/\/phcventures.ca\/about\/#breadcrumb","itemListElement":[{"@type":"ListItem","position":1,"name":"Home","item":"https:\/\/phcventures.ca\/"},{"@type":"ListItem","position":2,"name":"About"}]},{"@type":"WebSite","@id":"https:\/\/phcventures.ca\/#website","url":"https:\/\/phcventures.ca\/","name":"Providence Health Care Ventures","description":"","publisher":{"@id":"https:\/\/phcventures.ca\/#organization"},"potentialAction":[{"@type":"SearchAction","target":{"@type":"EntryPoint","urlTemplate":"https:\/\/phcventures.ca\/?s={search_term_string}"},"query-input":{"@type":"PropertyValueSpecification","valueRequired":true,"valueName":"search_term_string"}}],"inLanguage":"fr-CA"},{"@type":"Organization","@id":"https:\/\/phcventures.ca\/#organization","name":"Providence Health Care Ventures","url":"https:\/\/phcventures.ca\/","logo":{"@type":"ImageObject","inLanguage":"fr-CA","@id":"https:\/\/phcventures.ca\/#\/schema\/logo\/image\/","url":"https:\/\/phcventures.ca\/wp-content\/uploads\/2024\/01\/PHC-Ventures-NoTagline-RGB-1.svg","contentUrl":"https:\/\/phcventures.ca\/wp-content\/uploads\/2024\/01\/PHC-Ventures-NoTagline-RGB-1.svg","width":"1024","height":"1024","caption":"Providence Health Care Ventures"},"image":{"@id":"https:\/\/phcventures.ca\/#\/schema\/logo\/image\/"}}]}},"_links":{"self":[{"href":"https:\/\/phcventures.ca\/fr\/wp-json\/wp\/v2\/pages\/836","targetHints":{"allow":["GET"]}}],"collection":[{"href":"https:\/\/phcventures.ca\/fr\/wp-json\/wp\/v2\/pages"}],"about":[{"href":"https:\/\/phcventures.ca\/fr\/wp-json\/wp\/v2\/types\/page"}],"author":[{"embeddable":true,"href":"https:\/\/phcventures.ca\/fr\/wp-json\/wp\/v2\/users\/5"}],"replies":[{"embeddable":true,"href":"https:\/\/phcventures.ca\/fr\/wp-json\/wp\/v2\/comments?post=836"}],"version-history":[{"count":5,"href":"https:\/\/phcventures.ca\/fr\/wp-json\/wp\/v2\/pages\/836\/revisions"}],"predecessor-version":[{"id":2180,"href":"https:\/\/phcventures.ca\/fr\/wp-json\/wp\/v2\/pages\/836\/revisions\/2180"}],"wp:featuredmedia":[{"embeddable":true,"href":"https:\/\/phcventures.ca\/fr\/wp-json\/wp\/v2\/media\/178"}],"wp:attachment":[{"href":"https:\/\/phcventures.ca\/fr\/wp-json\/wp\/v2\/media?parent=836"}],"curies":[{"name":"wp","href":"https:\/\/api.w.org\/{rel}","templated":true}]}}