{"id":1335,"date":"2024-07-17T13:37:21","date_gmt":"2024-07-17T20:37:21","guid":{"rendered":"https:\/\/phcventures.ca\/?page_id=1335"},"modified":"2024-09-10T17:17:22","modified_gmt":"2024-09-11T00:17:22","slug":"consulting","status":"publish","type":"page","link":"https:\/\/phcventures.ca\/fr\/consulting\/","title":{"rendered":"Conseil"},"content":{"rendered":"<h2>Services de conseil<\/h2>\n\t\t\t\t<img loading=\"lazy\" decoding=\"async\" src=\"https:\/\/phcventures.ca\/wp-content\/uploads\/2024\/01\/IMG_2629.jpg\" alt=\"IMG_2629\" itemprop=\"image\" height=\"1099\" width=\"1648\" title=\"IMG_2629\" onerror=\"this.style.display='none'\"  \/>\n\t<p>Con\u00e7u pour tirer parti de l'expertise approfondie de Providence Health Care dans le syst\u00e8me de sant\u00e9 unique de la Colombie-Britannique, notre service de conseil offre aux clients l'acc\u00e8s \u00e0 une organisation de sant\u00e9 provinciale agile, avec des experts en sant\u00e9 mondiale et une exp\u00e9rience \u00e9prouv\u00e9e en mati\u00e8re d'innovation.<\/p>\n\t<a href=\"https:\/\/phcventures.ca\/fr\/connect\/\" target=\"_self\" role=\"button\" aria-label=\"Contactez nous\" rel=\"noopener\">\n\t\t\t\t\t\tContactez nous\n\t\t\t\t\t<\/a>\n\t\t\t\t<img loading=\"lazy\" decoding=\"async\" src=\"https:\/\/phcventures.ca\/wp-content\/uploads\/2024\/09\/Evaluation-Services.jpg\" alt=\"Evaluation Services\" itemprop=\"image\" height=\"1200\" width=\"1600\" title=\"Services d&#039;\u00e9valuation\" onerror=\"this.style.display='none'\"  \/>\n\t<p>Services d'\u00e9valuation<\/p>\n\t<p>Les services d'\u00e9valuation de PHC Ventures fournissent des informations essentielles provenant de notre r\u00e9seau d'experts cliniques, techniques et de recherche. De la cr\u00e9ation \u00e0 la commercialisation, nous offrons des \u00e9valuations compl\u00e8tes pour garantir que votre innovation r\u00e9pond aux normes cliniques et qu'elle est pr\u00eate \u00e0 r\u00e9ussir sur le march\u00e9. Une fois l'\u00e9valuation termin\u00e9e, vous recevrez un rapport d\u00e9taill\u00e9 contenant des recommandations d'experts, des informations cl\u00e9s et une feuille de route claire pour les prochaines \u00e9tapes. PHC Ventures est l\u00e0 pour vous soutenir \u00e0 chaque phase de la mise en \u0153uvre et au-del\u00e0.\u00a0<\/p>\n\t<p>T\u00e9moignage<\/p>\n\t\t\t\t<img loading=\"lazy\" decoding=\"async\" src=\"https:\/\/phcventures.ca\/wp-content\/uploads\/2024\/05\/14.png\" alt=\"14\" itemprop=\"image\" height=\"533\" width=\"800\" title=\"14\" onerror=\"this.style.display='none'\"  \/>\n\t\t\n\t\t\t\u201cPHC Ventures offre un partenariat complet pour soutenir l'invention, l'adoption et la commercialisation de solutions de sant\u00e9 num\u00e9rique\u201d, d\u00e9clare Nadia Shaikh-Naeem, vice-pr\u00e9sidente du programme de DIGITAL, la grappe mondiale d'innovation du Canada pour les technologies num\u00e9riques. \u201cLeur acc\u00e8s aux donn\u00e9es cliniques et leur connaissance approfondie de l'int\u00e9gration des technologies dans la prestation des soins, le flux de travail et les processus existants changent la donne pour les innovateurs.\u201d\n\t\t\t\t\t\t\t\t\t\t\tNadia Shaikh-Naeem, vice-pr\u00e9sidente, Programmes, DIGITAL.\n\t\t\n\t\t\t\tS'abonner \u00e0 notre bulletin d'information \n\t\t\t\t<p><br \/><\/p>\n\t\t\t\t\t\t\t\t\t<img loading=\"lazy\" decoding=\"async\" src=\"https:\/\/phcventures.ca\/wp-content\/uploads\/2024\/01\/PHC-Ventures-NoTagline-RGB-1.svg\" alt=\"PHC-Ventures-NoTagline-RGB\" itemprop=\"image\" height=\"150\" width=\"150\" title=\"PHC-Ventures-NoTagline-RGB\" onerror=\"this.style.display='none'\"  \/>\n\t<p>Nous tenons \u00e0 reconna\u00eetre humblement et avec gratitude que notre travail est effectu\u00e9 sur les terres non c\u00e9d\u00e9es, traditionnelles, et ancestrales des Salish de la c\u00f4te - et en particulier des x\u02b7m\u04d9\u03b8k\u02b7\u04d9y\u0313\u04d9m (Musqueam), des S\u1e35wx\u0331w\u00fa7mesh (Squamish) et des s\u04d9li\u0313lw\u04d9ta\u026c (Tsleil-Waututh).<\/p>","protected":false},"excerpt":{"rendered":"<p>Services de consultation Con\u00e7us pour tirer parti de l'expertise approfondie de Providence Health Care dans le syst\u00e8me de sant\u00e9 unique de la Colombie-Britannique, nos services de consultation offrent aux clients l'acc\u00e8s \u00e0 une organisation provinciale de sant\u00e9 agile, dot\u00e9e d'experts en sant\u00e9 mondiale et d'une exp\u00e9rience \u00e9prouv\u00e9e en mati\u00e8re d'innovation. Contactez-nous Services d'\u00e9valuation Les services d'\u00e9valuation de PHC Ventures fournissent des informations essentielles provenant de notre r\u00e9seau de...<\/p>","protected":false},"author":5,"featured_media":1124,"parent":0,"menu_order":0,"comment_status":"closed","ping_status":"closed","template":"","meta":{"inline_featured_image":false,"_monsterinsights_skip_tracking":false,"_monsterinsights_sitenote_active":false,"_monsterinsights_sitenote_note":"","_monsterinsights_sitenote_category":0,"footnotes":""},"class_list":["post-1335","page","type-page","status-publish","has-post-thumbnail","hentry"],"yoast_head":"<!-- This site is optimized with the Yoast SEO plugin v27.5 - https:\/\/yoast.com\/product\/yoast-seo-wordpress\/ -->\n<title>Providence Health Care Ventures<\/title>\n<meta name=\"description\" content=\"We are a collaborative innovation team engaged with industry partners to co-develop technology-driven solutions for complex health issues.\" \/>\n<meta name=\"robots\" content=\"index, follow, max-snippet:-1, max-image-preview:large, max-video-preview:-1\" \/>\n<link rel=\"canonical\" href=\"https:\/\/phcventures.ca\/fr\/consulting\/\" \/>\n<meta property=\"og:locale\" content=\"fr_CA\" \/>\n<meta property=\"og:type\" content=\"article\" \/>\n<meta property=\"og:title\" content=\"Providence Health Care Ventures\" \/>\n<meta property=\"og:description\" content=\"We are a collaborative innovation team engaged with industry partners to co-develop technology-driven solutions for complex health issues.\" \/>\n<meta property=\"og:url\" content=\"https:\/\/phcventures.ca\/fr\/consulting\/\" \/>\n<meta property=\"og:site_name\" content=\"Providence Health Care Ventures\" \/>\n<meta property=\"article:modified_time\" content=\"2024-09-11T00:17:22+00:00\" \/>\n<meta property=\"og:image\" content=\"https:\/\/phcventures.ca\/wp-content\/uploads\/2024\/05\/32-scaled.jpg\" \/>\n\t<meta property=\"og:image:width\" content=\"2560\" \/>\n\t<meta property=\"og:image:height\" content=\"1525\" \/>\n\t<meta property=\"og:image:type\" content=\"image\/jpeg\" \/>\n<meta name=\"twitter:card\" content=\"summary_large_image\" \/>\n<meta name=\"twitter:label1\" content=\"Estimation du temps de lecture\" \/>\n\t<meta name=\"twitter:data1\" content=\"6 minutes\" \/>\n<script type=\"application\/ld+json\" class=\"yoast-schema-graph\">{\"@context\":\"https:\\\/\\\/schema.org\",\"@graph\":[{\"@type\":\"WebPage\",\"@id\":\"https:\\\/\\\/phcventures.ca\\\/consulting\\\/\",\"url\":\"https:\\\/\\\/phcventures.ca\\\/consulting\\\/\",\"name\":\"Providence Health Care Ventures\",\"isPartOf\":{\"@id\":\"https:\\\/\\\/phcventures.ca\\\/#website\"},\"primaryImageOfPage\":{\"@id\":\"https:\\\/\\\/phcventures.ca\\\/consulting\\\/#primaryimage\"},\"image\":{\"@id\":\"https:\\\/\\\/phcventures.ca\\\/consulting\\\/#primaryimage\"},\"thumbnailUrl\":\"https:\\\/\\\/phcventures.ca\\\/wp-content\\\/uploads\\\/2024\\\/05\\\/32-scaled.jpg\",\"datePublished\":\"2024-07-17T20:37:21+00:00\",\"dateModified\":\"2024-09-11T00:17:22+00:00\",\"description\":\"We are a collaborative innovation team engaged with industry partners to co-develop technology-driven solutions for complex health issues.\",\"breadcrumb\":{\"@id\":\"https:\\\/\\\/phcventures.ca\\\/consulting\\\/#breadcrumb\"},\"inLanguage\":\"fr-CA\",\"potentialAction\":[{\"@type\":\"ReadAction\",\"target\":[\"https:\\\/\\\/phcventures.ca\\\/consulting\\\/\"]}]},{\"@type\":\"ImageObject\",\"inLanguage\":\"fr-CA\",\"@id\":\"https:\\\/\\\/phcventures.ca\\\/consulting\\\/#primaryimage\",\"url\":\"https:\\\/\\\/phcventures.ca\\\/wp-content\\\/uploads\\\/2024\\\/05\\\/32-scaled.jpg\",\"contentUrl\":\"https:\\\/\\\/phcventures.ca\\\/wp-content\\\/uploads\\\/2024\\\/05\\\/32-scaled.jpg\",\"width\":2560,\"height\":1525},{\"@type\":\"BreadcrumbList\",\"@id\":\"https:\\\/\\\/phcventures.ca\\\/consulting\\\/#breadcrumb\",\"itemListElement\":[{\"@type\":\"ListItem\",\"position\":1,\"name\":\"Home\",\"item\":\"https:\\\/\\\/phcventures.ca\\\/\"},{\"@type\":\"ListItem\",\"position\":2,\"name\":\"Consulting\"}]},{\"@type\":\"WebSite\",\"@id\":\"https:\\\/\\\/phcventures.ca\\\/#website\",\"url\":\"https:\\\/\\\/phcventures.ca\\\/\",\"name\":\"Providence Health Care Ventures\",\"description\":\"\",\"publisher\":{\"@id\":\"https:\\\/\\\/phcventures.ca\\\/#organization\"},\"potentialAction\":[{\"@type\":\"SearchAction\",\"target\":{\"@type\":\"EntryPoint\",\"urlTemplate\":\"https:\\\/\\\/phcventures.ca\\\/?s={search_term_string}\"},\"query-input\":{\"@type\":\"PropertyValueSpecification\",\"valueRequired\":true,\"valueName\":\"search_term_string\"}}],\"inLanguage\":\"fr-CA\"},{\"@type\":\"Organization\",\"@id\":\"https:\\\/\\\/phcventures.ca\\\/#organization\",\"name\":\"Providence Health Care Ventures\",\"url\":\"https:\\\/\\\/phcventures.ca\\\/\",\"logo\":{\"@type\":\"ImageObject\",\"inLanguage\":\"fr-CA\",\"@id\":\"https:\\\/\\\/phcventures.ca\\\/#\\\/schema\\\/logo\\\/image\\\/\",\"url\":\"https:\\\/\\\/phcventures.ca\\\/wp-content\\\/uploads\\\/2024\\\/01\\\/PHC-Ventures-NoTagline-RGB-1.svg\",\"contentUrl\":\"https:\\\/\\\/phcventures.ca\\\/wp-content\\\/uploads\\\/2024\\\/01\\\/PHC-Ventures-NoTagline-RGB-1.svg\",\"width\":\"1024\",\"height\":\"1024\",\"caption\":\"Providence Health Care Ventures\"},\"image\":{\"@id\":\"https:\\\/\\\/phcventures.ca\\\/#\\\/schema\\\/logo\\\/image\\\/\"}}]}<\/script>\n<!-- \/ Yoast SEO plugin. -->","yoast_head_json":{"title":"Providence Health Care Ventures","description":"Nous sommes une \u00e9quipe d'innovation collaborative engag\u00e9e avec des partenaires de l'industrie pour d\u00e9velopper conjointement des solutions technologiques \u00e0 des probl\u00e8mes de sant\u00e9 complexes.","robots":{"index":"index","follow":"follow","max-snippet":"max-snippet:-1","max-image-preview":"max-image-preview:large","max-video-preview":"max-video-preview:-1"},"canonical":"https:\/\/phcventures.ca\/fr\/consulting\/","og_locale":"fr_CA","og_type":"article","og_title":"Providence Health Care Ventures","og_description":"We are a collaborative innovation team engaged with industry partners to co-develop technology-driven solutions for complex health issues.","og_url":"https:\/\/phcventures.ca\/fr\/consulting\/","og_site_name":"Providence Health Care Ventures","article_modified_time":"2024-09-11T00:17:22+00:00","og_image":[{"width":2560,"height":1525,"url":"https:\/\/phcventures.ca\/wp-content\/uploads\/2024\/05\/32-scaled.jpg","type":"image\/jpeg"}],"twitter_card":"summary_large_image","twitter_misc":{"Estimation du temps de lecture":"6 minutes"},"schema":{"@context":"https:\/\/schema.org","@graph":[{"@type":"WebPage","@id":"https:\/\/phcventures.ca\/consulting\/","url":"https:\/\/phcventures.ca\/consulting\/","name":"Providence Health Care Ventures","isPartOf":{"@id":"https:\/\/phcventures.ca\/#website"},"primaryImageOfPage":{"@id":"https:\/\/phcventures.ca\/consulting\/#primaryimage"},"image":{"@id":"https:\/\/phcventures.ca\/consulting\/#primaryimage"},"thumbnailUrl":"https:\/\/phcventures.ca\/wp-content\/uploads\/2024\/05\/32-scaled.jpg","datePublished":"2024-07-17T20:37:21+00:00","dateModified":"2024-09-11T00:17:22+00:00","description":"Nous sommes une \u00e9quipe d'innovation collaborative engag\u00e9e avec des partenaires de l'industrie pour d\u00e9velopper conjointement des solutions technologiques \u00e0 des probl\u00e8mes de sant\u00e9 complexes.","breadcrumb":{"@id":"https:\/\/phcventures.ca\/consulting\/#breadcrumb"},"inLanguage":"fr-CA","potentialAction":[{"@type":"ReadAction","target":["https:\/\/phcventures.ca\/consulting\/"]}]},{"@type":"ImageObject","inLanguage":"fr-CA","@id":"https:\/\/phcventures.ca\/consulting\/#primaryimage","url":"https:\/\/phcventures.ca\/wp-content\/uploads\/2024\/05\/32-scaled.jpg","contentUrl":"https:\/\/phcventures.ca\/wp-content\/uploads\/2024\/05\/32-scaled.jpg","width":2560,"height":1525},{"@type":"BreadcrumbList","@id":"https:\/\/phcventures.ca\/consulting\/#breadcrumb","itemListElement":[{"@type":"ListItem","position":1,"name":"Home","item":"https:\/\/phcventures.ca\/"},{"@type":"ListItem","position":2,"name":"Consulting"}]},{"@type":"WebSite","@id":"https:\/\/phcventures.ca\/#website","url":"https:\/\/phcventures.ca\/","name":"Providence Health Care Ventures","description":"","publisher":{"@id":"https:\/\/phcventures.ca\/#organization"},"potentialAction":[{"@type":"SearchAction","target":{"@type":"EntryPoint","urlTemplate":"https:\/\/phcventures.ca\/?s={search_term_string}"},"query-input":{"@type":"PropertyValueSpecification","valueRequired":true,"valueName":"search_term_string"}}],"inLanguage":"fr-CA"},{"@type":"Organization","@id":"https:\/\/phcventures.ca\/#organization","name":"Providence Health Care Ventures","url":"https:\/\/phcventures.ca\/","logo":{"@type":"ImageObject","inLanguage":"fr-CA","@id":"https:\/\/phcventures.ca\/#\/schema\/logo\/image\/","url":"https:\/\/phcventures.ca\/wp-content\/uploads\/2024\/01\/PHC-Ventures-NoTagline-RGB-1.svg","contentUrl":"https:\/\/phcventures.ca\/wp-content\/uploads\/2024\/01\/PHC-Ventures-NoTagline-RGB-1.svg","width":"1024","height":"1024","caption":"Providence Health Care Ventures"},"image":{"@id":"https:\/\/phcventures.ca\/#\/schema\/logo\/image\/"}}]}},"_links":{"self":[{"href":"https:\/\/phcventures.ca\/fr\/wp-json\/wp\/v2\/pages\/1335","targetHints":{"allow":["GET"]}}],"collection":[{"href":"https:\/\/phcventures.ca\/fr\/wp-json\/wp\/v2\/pages"}],"about":[{"href":"https:\/\/phcventures.ca\/fr\/wp-json\/wp\/v2\/types\/page"}],"author":[{"embeddable":true,"href":"https:\/\/phcventures.ca\/fr\/wp-json\/wp\/v2\/users\/5"}],"replies":[{"embeddable":true,"href":"https:\/\/phcventures.ca\/fr\/wp-json\/wp\/v2\/comments?post=1335"}],"version-history":[{"count":5,"href":"https:\/\/phcventures.ca\/fr\/wp-json\/wp\/v2\/pages\/1335\/revisions"}],"predecessor-version":[{"id":1800,"href":"https:\/\/phcventures.ca\/fr\/wp-json\/wp\/v2\/pages\/1335\/revisions\/1800"}],"wp:featuredmedia":[{"embeddable":true,"href":"https:\/\/phcventures.ca\/fr\/wp-json\/wp\/v2\/media\/1124"}],"wp:attachment":[{"href":"https:\/\/phcventures.ca\/fr\/wp-json\/wp\/v2\/media?parent=1335"}],"curies":[{"name":"wp","href":"https:\/\/api.w.org\/{rel}","templated":true}]}}