{"id":1212,"date":"2024-06-03T09:56:32","date_gmt":"2024-06-03T16:56:32","guid":{"rendered":"https:\/\/phcventures.ca\/?page_id=1212"},"modified":"2024-08-30T10:38:06","modified_gmt":"2024-08-30T17:38:06","slug":"impact-cases","status":"publish","type":"page","link":"https:\/\/phcventures.ca\/fr\/impact-cases\/","title":{"rendered":"Cas d'impact"},"content":{"rendered":"<img loading=\"lazy\" decoding=\"async\" src=\"https:\/\/phcventures.ca\/wp-content\/uploads\/2024\/08\/Heart-doctor-Heilbron.jpg\" alt=\"Heart-doctor-Heilbron\" itemprop=\"image\" height=\"727\" width=\"1282\" title=\"M\u00e9decin du c\u0153ur-Heilbron\" onerror=\"this.style.display='none'\">\n<h2>\n\t\tHow do you mend a broken heart? There&#8217;s an algorithm for that, and B.C. innovators are on the case\n\t<\/h2>\n\t<p>It&#8217;s all about squiggles&nbsp;on a page. Even if you have never lain on an examination table while a technician stuck electrodes all over your chest-and then flicked on the switch!-you&#8217;re likely familiar with the image of an electrocardiogram (ECG): a page of graph paper covered in wavy lines. They&#8217;re unintelligible, or seem that way to the untrained eye.<\/p>\n<p><a href=\"https:\/\/www.bcbusiness.ca\/industries\/health\/heart-techonology-ai-cardiology-innovation-vancouver-bc\/\" target=\"_blank\" rel=\"noopener\">En savoir plus<\/a><\/p>\n\t\t\t\t<img loading=\"lazy\" decoding=\"async\" src=\"https:\/\/phcventures.ca\/wp-content\/uploads\/2024\/08\/technology-and-clinical-care-to-reduce-opioid-addiction.jpg\" alt=\"technology-and-clinical-care-to-reduce-opioid-addiction\" itemprop=\"image\" height=\"1200\" width=\"1600\" title=\"Technologie et soins cliniques pour r\u00e9duire la d\u00e9pendance aux opio\u00efdes\" onerror=\"this.style.display='none'\">\n<h2>\n\t\tUnir la technologie et les soins cliniques pour r\u00e9duire le risque de d\u00e9pendance aux opio\u00efdes apr\u00e8s une intervention chirurgicale\n\t<\/h2>\n\t<p>Les opio\u00efdes sont un outil efficace pour g\u00e9rer la douleur. Cependant, ils peuvent cr\u00e9er une d\u00e9pendance, ce qui a donn\u00e9 lieu \u00e0 un abus g\u00e9n\u00e9ralis\u00e9 ces derni\u00e8res ann\u00e9es et \u00e0 des crises de sant\u00e9 publique au Canada et ailleurs. Une \u00e9quipe d'entreprises sp\u00e9cialis\u00e9es dans les technologies de la sant\u00e9 a eu l'id\u00e9e d'une solution technologique qui pourrait contribuer \u00e0 r\u00e9duire le nombre de personnes qui d\u00e9veloppent une d\u00e9pendance aux opio\u00efdes apr\u00e8s une intervention chirurgicale.<\/p>\n<p><a href=\"https:\/\/phcventures.ca\/fr\/impact-cases\/opioid-addiction\/\">En savoir plus<\/a><\/p>\n\t\t\t\tS'abonner \u00e0 notre lettre d'information \n\t\t\t\t<p><br><\/p>\n\t\t\t\t\t\t\t\t\t<img loading=\"lazy\" decoding=\"async\" src=\"https:\/\/phcventures.ca\/wp-content\/uploads\/2024\/01\/PHC-Ventures-NoTagline-RGB-1.svg\" alt=\"PHC-Ventures-NoTagline-RGB\" itemprop=\"image\" height=\"150\" width=\"150\" title=\"PHC-Ventures-NoTagline-RGB\" onerror=\"this.style.display='none'\">\n\t<p>Nous tenons \u00e0 reconna\u00eetre humblement et avec gratitude que notre travail est effectu\u00e9 sur les terres non c\u00e9d\u00e9es, traditionnelles, et ancestrales des Salish de la c\u00f4te - et en particulier des x\u02b7m\u04d9\u03b8k\u02b7\u04d9y\u0313\u04d9m (Musqueam), des S\u1e35wx\u0331w\u00fa7mesh (Squamish) et des s\u04d9li\u0313lw\u04d9ta\u026c (Tsleil-Waututh).<\/p>","protected":false},"excerpt":{"rendered":"<p>How do you mend a broken heart? There&#8217;s an algorithm for that, and B.C. innovators are on the case It&#8217;s all about squiggles&nbsp;on a page. Even if you have never lain on an examination table while a technician stuck electrodes all over your chest-and then flicked on the switch!-you&#8217;re likely familiar with the image of&hellip;<\/p>","protected":false},"author":5,"featured_media":1661,"parent":0,"menu_order":0,"comment_status":"closed","ping_status":"closed","template":"","meta":{"inline_featured_image":false,"_monsterinsights_skip_tracking":false,"_monsterinsights_sitenote_active":false,"_monsterinsights_sitenote_note":"","_monsterinsights_sitenote_category":0,"footnotes":""},"class_list":["post-1212","page","type-page","status-publish","has-post-thumbnail","hentry"],"yoast_head":"<!-- This site is optimized with the Yoast SEO plugin v27.4 - https:\/\/yoast.com\/product\/yoast-seo-wordpress\/ -->\n<title>Impact Cases | Providence Health Care Ventures<\/title>\n<meta name=\"robots\" content=\"index, follow, max-snippet:-1, max-image-preview:large, max-video-preview:-1\" \/>\n<link rel=\"canonical\" href=\"https:\/\/phcventures.ca\/fr\/impact-cases\/\" \/>\n<meta property=\"og:locale\" content=\"fr_CA\" \/>\n<meta property=\"og:type\" content=\"article\" \/>\n<meta property=\"og:title\" content=\"Impact Cases | Providence Health Care Ventures\" \/>\n<meta property=\"og:description\" content=\"How do you mend a broken heart? There&#8217;s an algorithm for that, and B.C. innovators are on the case It&#8217;s all about squiggles&nbsp;on a page. Even if you have never lain on an examination table while a technician stuck electrodes all over your chest-and then flicked on the switch!-you&#8217;re likely familiar with the image of&hellip;\" \/>\n<meta property=\"og:url\" content=\"https:\/\/phcventures.ca\/fr\/impact-cases\/\" \/>\n<meta property=\"og:site_name\" content=\"Providence Health Care Ventures\" \/>\n<meta property=\"article:modified_time\" content=\"2024-08-30T17:38:06+00:00\" \/>\n<meta property=\"og:image\" content=\"https:\/\/phcventures.ca\/wp-content\/uploads\/2024\/08\/Impact-cases-mobile-banner-scaled.jpg\" \/>\n\t<meta property=\"og:image:width\" content=\"2560\" \/>\n\t<meta property=\"og:image:height\" content=\"1920\" \/>\n\t<meta property=\"og:image:type\" content=\"image\/jpeg\" \/>\n<meta name=\"twitter:card\" content=\"summary_large_image\" \/>\n<meta name=\"twitter:label1\" content=\"Estimation du temps de lecture\" \/>\n\t<meta name=\"twitter:data1\" content=\"2 minutes\" \/>\n<script type=\"application\/ld+json\" class=\"yoast-schema-graph\">{\"@context\":\"https:\\\/\\\/schema.org\",\"@graph\":[{\"@type\":\"WebPage\",\"@id\":\"https:\\\/\\\/phcventures.ca\\\/impact-cases\\\/\",\"url\":\"https:\\\/\\\/phcventures.ca\\\/impact-cases\\\/\",\"name\":\"Impact Cases | Providence Health Care Ventures\",\"isPartOf\":{\"@id\":\"https:\\\/\\\/phcventures.ca\\\/#website\"},\"primaryImageOfPage\":{\"@id\":\"https:\\\/\\\/phcventures.ca\\\/impact-cases\\\/#primaryimage\"},\"image\":{\"@id\":\"https:\\\/\\\/phcventures.ca\\\/impact-cases\\\/#primaryimage\"},\"thumbnailUrl\":\"https:\\\/\\\/phcventures.ca\\\/wp-content\\\/uploads\\\/2024\\\/08\\\/Impact-cases-mobile-banner-scaled.jpg\",\"datePublished\":\"2024-06-03T16:56:32+00:00\",\"dateModified\":\"2024-08-30T17:38:06+00:00\",\"breadcrumb\":{\"@id\":\"https:\\\/\\\/phcventures.ca\\\/impact-cases\\\/#breadcrumb\"},\"inLanguage\":\"fr-CA\",\"potentialAction\":[{\"@type\":\"ReadAction\",\"target\":[\"https:\\\/\\\/phcventures.ca\\\/impact-cases\\\/\"]}]},{\"@type\":\"ImageObject\",\"inLanguage\":\"fr-CA\",\"@id\":\"https:\\\/\\\/phcventures.ca\\\/impact-cases\\\/#primaryimage\",\"url\":\"https:\\\/\\\/phcventures.ca\\\/wp-content\\\/uploads\\\/2024\\\/08\\\/Impact-cases-mobile-banner-scaled.jpg\",\"contentUrl\":\"https:\\\/\\\/phcventures.ca\\\/wp-content\\\/uploads\\\/2024\\\/08\\\/Impact-cases-mobile-banner-scaled.jpg\",\"width\":2560,\"height\":1920},{\"@type\":\"BreadcrumbList\",\"@id\":\"https:\\\/\\\/phcventures.ca\\\/impact-cases\\\/#breadcrumb\",\"itemListElement\":[{\"@type\":\"ListItem\",\"position\":1,\"name\":\"Home\",\"item\":\"https:\\\/\\\/phcventures.ca\\\/\"},{\"@type\":\"ListItem\",\"position\":2,\"name\":\"Impact Cases\"}]},{\"@type\":\"WebSite\",\"@id\":\"https:\\\/\\\/phcventures.ca\\\/#website\",\"url\":\"https:\\\/\\\/phcventures.ca\\\/\",\"name\":\"Providence Health Care Ventures\",\"description\":\"\",\"publisher\":{\"@id\":\"https:\\\/\\\/phcventures.ca\\\/#organization\"},\"potentialAction\":[{\"@type\":\"SearchAction\",\"target\":{\"@type\":\"EntryPoint\",\"urlTemplate\":\"https:\\\/\\\/phcventures.ca\\\/?s={search_term_string}\"},\"query-input\":{\"@type\":\"PropertyValueSpecification\",\"valueRequired\":true,\"valueName\":\"search_term_string\"}}],\"inLanguage\":\"fr-CA\"},{\"@type\":\"Organization\",\"@id\":\"https:\\\/\\\/phcventures.ca\\\/#organization\",\"name\":\"Providence Health Care Ventures\",\"url\":\"https:\\\/\\\/phcventures.ca\\\/\",\"logo\":{\"@type\":\"ImageObject\",\"inLanguage\":\"fr-CA\",\"@id\":\"https:\\\/\\\/phcventures.ca\\\/#\\\/schema\\\/logo\\\/image\\\/\",\"url\":\"https:\\\/\\\/phcventures.ca\\\/wp-content\\\/uploads\\\/2024\\\/01\\\/PHC-Ventures-NoTagline-RGB-1.svg\",\"contentUrl\":\"https:\\\/\\\/phcventures.ca\\\/wp-content\\\/uploads\\\/2024\\\/01\\\/PHC-Ventures-NoTagline-RGB-1.svg\",\"width\":\"1024\",\"height\":\"1024\",\"caption\":\"Providence Health Care Ventures\"},\"image\":{\"@id\":\"https:\\\/\\\/phcventures.ca\\\/#\\\/schema\\\/logo\\\/image\\\/\"}}]}<\/script>\n<!-- \/ Yoast SEO plugin. -->","yoast_head_json":{"title":"Impact Cases | Providence Health Care Ventures","robots":{"index":"index","follow":"follow","max-snippet":"max-snippet:-1","max-image-preview":"max-image-preview:large","max-video-preview":"max-video-preview:-1"},"canonical":"https:\/\/phcventures.ca\/fr\/impact-cases\/","og_locale":"fr_CA","og_type":"article","og_title":"Impact Cases | Providence Health Care Ventures","og_description":"How do you mend a broken heart? There&#8217;s an algorithm for that, and B.C. innovators are on the case It&#8217;s all about squiggles&nbsp;on a page. Even if you have never lain on an examination table while a technician stuck electrodes all over your chest-and then flicked on the switch!-you&#8217;re likely familiar with the image of&hellip;","og_url":"https:\/\/phcventures.ca\/fr\/impact-cases\/","og_site_name":"Providence Health Care Ventures","article_modified_time":"2024-08-30T17:38:06+00:00","og_image":[{"width":2560,"height":1920,"url":"https:\/\/phcventures.ca\/wp-content\/uploads\/2024\/08\/Impact-cases-mobile-banner-scaled.jpg","type":"image\/jpeg"}],"twitter_card":"summary_large_image","twitter_misc":{"Estimation du temps de lecture":"2 minutes"},"schema":{"@context":"https:\/\/schema.org","@graph":[{"@type":"WebPage","@id":"https:\/\/phcventures.ca\/impact-cases\/","url":"https:\/\/phcventures.ca\/impact-cases\/","name":"Impact Cases | Providence Health Care Ventures","isPartOf":{"@id":"https:\/\/phcventures.ca\/#website"},"primaryImageOfPage":{"@id":"https:\/\/phcventures.ca\/impact-cases\/#primaryimage"},"image":{"@id":"https:\/\/phcventures.ca\/impact-cases\/#primaryimage"},"thumbnailUrl":"https:\/\/phcventures.ca\/wp-content\/uploads\/2024\/08\/Impact-cases-mobile-banner-scaled.jpg","datePublished":"2024-06-03T16:56:32+00:00","dateModified":"2024-08-30T17:38:06+00:00","breadcrumb":{"@id":"https:\/\/phcventures.ca\/impact-cases\/#breadcrumb"},"inLanguage":"fr-CA","potentialAction":[{"@type":"ReadAction","target":["https:\/\/phcventures.ca\/impact-cases\/"]}]},{"@type":"ImageObject","inLanguage":"fr-CA","@id":"https:\/\/phcventures.ca\/impact-cases\/#primaryimage","url":"https:\/\/phcventures.ca\/wp-content\/uploads\/2024\/08\/Impact-cases-mobile-banner-scaled.jpg","contentUrl":"https:\/\/phcventures.ca\/wp-content\/uploads\/2024\/08\/Impact-cases-mobile-banner-scaled.jpg","width":2560,"height":1920},{"@type":"BreadcrumbList","@id":"https:\/\/phcventures.ca\/impact-cases\/#breadcrumb","itemListElement":[{"@type":"ListItem","position":1,"name":"Home","item":"https:\/\/phcventures.ca\/"},{"@type":"ListItem","position":2,"name":"Impact Cases"}]},{"@type":"WebSite","@id":"https:\/\/phcventures.ca\/#website","url":"https:\/\/phcventures.ca\/","name":"Providence Health Care Ventures","description":"","publisher":{"@id":"https:\/\/phcventures.ca\/#organization"},"potentialAction":[{"@type":"SearchAction","target":{"@type":"EntryPoint","urlTemplate":"https:\/\/phcventures.ca\/?s={search_term_string}"},"query-input":{"@type":"PropertyValueSpecification","valueRequired":true,"valueName":"search_term_string"}}],"inLanguage":"fr-CA"},{"@type":"Organization","@id":"https:\/\/phcventures.ca\/#organization","name":"Providence Health Care Ventures","url":"https:\/\/phcventures.ca\/","logo":{"@type":"ImageObject","inLanguage":"fr-CA","@id":"https:\/\/phcventures.ca\/#\/schema\/logo\/image\/","url":"https:\/\/phcventures.ca\/wp-content\/uploads\/2024\/01\/PHC-Ventures-NoTagline-RGB-1.svg","contentUrl":"https:\/\/phcventures.ca\/wp-content\/uploads\/2024\/01\/PHC-Ventures-NoTagline-RGB-1.svg","width":"1024","height":"1024","caption":"Providence Health Care Ventures"},"image":{"@id":"https:\/\/phcventures.ca\/#\/schema\/logo\/image\/"}}]}},"_links":{"self":[{"href":"https:\/\/phcventures.ca\/fr\/wp-json\/wp\/v2\/pages\/1212","targetHints":{"allow":["GET"]}}],"collection":[{"href":"https:\/\/phcventures.ca\/fr\/wp-json\/wp\/v2\/pages"}],"about":[{"href":"https:\/\/phcventures.ca\/fr\/wp-json\/wp\/v2\/types\/page"}],"author":[{"embeddable":true,"href":"https:\/\/phcventures.ca\/fr\/wp-json\/wp\/v2\/users\/5"}],"replies":[{"embeddable":true,"href":"https:\/\/phcventures.ca\/fr\/wp-json\/wp\/v2\/comments?post=1212"}],"version-history":[{"count":5,"href":"https:\/\/phcventures.ca\/fr\/wp-json\/wp\/v2\/pages\/1212\/revisions"}],"predecessor-version":[{"id":1769,"href":"https:\/\/phcventures.ca\/fr\/wp-json\/wp\/v2\/pages\/1212\/revisions\/1769"}],"wp:featuredmedia":[{"embeddable":true,"href":"https:\/\/phcventures.ca\/fr\/wp-json\/wp\/v2\/media\/1661"}],"wp:attachment":[{"href":"https:\/\/phcventures.ca\/fr\/wp-json\/wp\/v2\/media?parent=1212"}],"curies":[{"name":"wp","href":"https:\/\/api.w.org\/{rel}","templated":true}]}}