{"id":1207,"date":"2024-06-03T09:54:53","date_gmt":"2024-06-03T16:54:53","guid":{"rendered":"https:\/\/phcventures.ca\/?page_id=1207"},"modified":"2024-08-30T10:32:57","modified_gmt":"2024-08-30T17:32:57","slug":"commercialization","status":"publish","type":"page","link":"https:\/\/phcventures.ca\/fr\/commercialization\/","title":{"rendered":"Commercialisation"},"content":{"rendered":"<img loading=\"lazy\" decoding=\"async\" src=\"https:\/\/phcventures.ca\/wp-content\/uploads\/2024\/07\/woman-in-lab-scaled.jpg\" alt=\"woman-in-lab\" itemprop=\"image\" height=\"1920\" width=\"2560\" title=\"femme-en-laboratoire\" onerror=\"this.style.display='none'\">\n\t<p>PHC Ventures fournit les ressources et le r\u00e9seau n\u00e9cessaires pour transformer les id\u00e9es ou les recherches du laboratoire et de la clinique en nouveaux produits et services qui am\u00e9liorent la vie des patients tout en g\u00e9n\u00e9rant des opportunit\u00e9s \u00e9conomiques.&nbsp;&nbsp;&nbsp;<\/p>\n\t\t\t<a href=\"https:\/\/phcventures.ca\/fr\/connect\/\" target=\"_self\" rel=\"noopener\">\n\t\t\t\t\t\t\tPrendre contact\n\t\t\t\t\t<\/a>\n<h2>\n\t\tServices de commercialisation de PHC Ventures\n\t<\/h2>\n\t\t\t\t<img loading=\"lazy\" decoding=\"async\" src=\"https:\/\/phcventures.ca\/wp-content\/uploads\/2024\/07\/microscope-icon.png\" alt=\"microscope-icon\" itemprop=\"image\" height=\"500\" width=\"500\" title=\"ic\u00f4ne de microscope\" onerror=\"this.style.display='none'\">\n\t<p>Essais et validation des produits pour garantir leur performance et leur efficacit\u00e9 en vue de leur commercialisation<\/p>\n\t\t\t\t<img loading=\"lazy\" decoding=\"async\" src=\"https:\/\/phcventures.ca\/wp-content\/uploads\/2024\/07\/arrows-chart-icon.png\" alt=\"arrows-chart-icon\" itemprop=\"image\" height=\"500\" width=\"500\" title=\"ic\u00f4ne de la carte \u00e0 fl\u00e8ches\" onerror=\"this.style.display='none'\">\n\t<p>Conseil aux entreprises pour la production, la distribution, le marketing, les ventes et l'assistance \u00e0 la client\u00e8le afin d'assurer le succ\u00e8s commercial.<\/p>\n\t\t\t\t<img loading=\"lazy\" decoding=\"async\" src=\"https:\/\/phcventures.ca\/wp-content\/uploads\/2024\/07\/lock-icon.png\" alt=\"lock-icon\" itemprop=\"image\" height=\"500\" width=\"500\" title=\"ic\u00f4ne de verrouillage\" onerror=\"this.style.display='none'\">\n\t<p>\u00c9valuation et protection de la propri\u00e9t\u00e9 intellectuelle, licences technologiques<\/p>\n\t\t\t\t<img loading=\"lazy\" decoding=\"async\" src=\"https:\/\/phcventures.ca\/wp-content\/uploads\/2024\/07\/building-icon.png\" alt=\"building-icon\" itemprop=\"image\" height=\"500\" width=\"500\" title=\"ic\u00f4ne du b\u00e2timent\" onerror=\"this.style.display='none'\">\n\t<p>Services de cr\u00e9ation et d'incubation d'entreprises<\/p>\n\t\t\t\t<img loading=\"lazy\" decoding=\"async\" src=\"https:\/\/phcventures.ca\/wp-content\/uploads\/2024\/07\/money-icon.png\" alt=\"money-icon\" itemprop=\"image\" height=\"500\" width=\"500\" title=\"ic\u00f4ne de l&#039;argent\" onerror=\"this.style.display='none'\">\n\t<p>Investissement par PHC Ventures et\/ou un r\u00e9seau de sources de capital-risque et de partenaires industriels&nbsp;&nbsp;<\/p>\n\t\t\t\t<img loading=\"lazy\" decoding=\"async\" src=\"https:\/\/phcventures.ca\/wp-content\/uploads\/2024\/07\/tube-icon.png\" alt=\"tube-icon\" itemprop=\"image\" height=\"500\" width=\"500\" title=\"ic\u00f4ne de tube\" onerror=\"this.style.display='none'\">\n\t<p>Services d'ing\u00e9nierie<\/p>\n<h2>\n\t\tT\u00e9moignage\n\t<\/h2>\n\t\t\t\t<img loading=\"lazy\" decoding=\"async\" src=\"https:\/\/phcventures.ca\/wp-content\/uploads\/2022\/10\/logos-clarius.png\" alt=\"clarius\" itemprop=\"image\" height=\"533\" width=\"800\" title=\"clarius\" onerror=\"this.style.display='none'\">\n\t\t\n\t\t\t\u201cPHC Ventures a fait preuve de leadership et de vision dans le cadre d'un projet qui investissait dans la technologie pour les praticiens ruraux, ce qui sortait de son champ d'action habituel. Cela t\u00e9moigne de leur engagement en faveur de l'innovation et des soins cliniques, non seulement pour leur organisation, mais aussi pour l'ensemble du syst\u00e8me de soins de sant\u00e9.\n\t\t\t\t\t\t\t\t\t\t\tJulius Ho, vice-pr\u00e9sident des affaires juridiques, Clarius.\n\t\t\n\t\t\t<p>Clarius a collabor\u00e9 avec PHC Ventures pour mettre la technologie de l'\u00e9chographie au point de service \u00e0 la disposition des prestataires de soins de sant\u00e9 dans les communaut\u00e9s rurales.<\/p>\t\t\n\t\t\t\tS'abonner \u00e0 notre lettre d'information \n\t\t\t\t<p><br><\/p>\n\t\t\t\t\t\t\t\t\t<img loading=\"lazy\" decoding=\"async\" src=\"https:\/\/phcventures.ca\/wp-content\/uploads\/2024\/01\/PHC-Ventures-NoTagline-RGB-1.svg\" alt=\"PHC-Ventures-NoTagline-RGB\" itemprop=\"image\" height=\"150\" width=\"150\" title=\"PHC-Ventures-NoTagline-RGB\" onerror=\"this.style.display='none'\">\n\t<p>Nous tenons \u00e0 reconna\u00eetre humblement et avec gratitude que notre travail est effectu\u00e9 sur les terres non c\u00e9d\u00e9es, traditionnelles, et ancestrales des Salish de la c\u00f4te - et en particulier des x\u02b7m\u04d9\u03b8k\u02b7\u04d9y\u0313\u04d9m (Musqueam), des S\u1e35wx\u0331w\u00fa7mesh (Squamish) et des s\u04d9li\u0313lw\u04d9ta\u026c (Tsleil-Waututh).<\/p>","protected":false},"excerpt":{"rendered":"<p>PHC Ventures fournit les ressources et le r\u00e9seau n\u00e9cessaires pour transformer les id\u00e9es ou la recherche en laboratoire et en clinique en nouveaux produits et services qui am\u00e9liorent la vie des patients tout en g\u00e9n\u00e9rant des opportunit\u00e9s \u00e9conomiques.    Prenez contact avec PHC Ventures Services de commercialisation Essais et validation des produits pour assurer leur performance et leur efficacit\u00e9 en vue de leur commercialisation Conseils commerciaux pour la production,...<\/p>","protected":false},"author":5,"featured_media":1444,"parent":0,"menu_order":0,"comment_status":"closed","ping_status":"closed","template":"","meta":{"inline_featured_image":false,"_monsterinsights_skip_tracking":false,"_monsterinsights_sitenote_active":false,"_monsterinsights_sitenote_note":"","_monsterinsights_sitenote_category":0,"footnotes":""},"class_list":["post-1207","page","type-page","status-publish","has-post-thumbnail","hentry"],"yoast_head":"<!-- This site is optimized with the Yoast SEO plugin v27.4 - https:\/\/yoast.com\/product\/yoast-seo-wordpress\/ -->\n<title>Commercialization | Providence Health Care Ventures<\/title>\n<meta name=\"robots\" content=\"index, follow, max-snippet:-1, max-image-preview:large, max-video-preview:-1\" \/>\n<link rel=\"canonical\" href=\"https:\/\/phcventures.ca\/fr\/commercialization\/\" \/>\n<meta property=\"og:locale\" content=\"fr_CA\" \/>\n<meta property=\"og:type\" content=\"article\" \/>\n<meta property=\"og:title\" content=\"Commercialization | Providence Health Care Ventures\" \/>\n<meta property=\"og:description\" content=\"PHC Ventures provides the resources and network to translate ideas or research from the lab and clinic into new products and services that improve the lives of patients while generating economic opportunity.&nbsp;&nbsp;&nbsp; Get in touch PHC Ventures Commercialization Services Product testing and validation to ensure performance and efficacy for commercial readiness Business advisory for production,&hellip;\" \/>\n<meta property=\"og:url\" content=\"https:\/\/phcventures.ca\/fr\/commercialization\/\" \/>\n<meta property=\"og:site_name\" content=\"Providence Health Care Ventures\" \/>\n<meta property=\"article:modified_time\" content=\"2024-08-30T17:32:57+00:00\" \/>\n<meta property=\"og:image\" content=\"https:\/\/phcventures.ca\/wp-content\/uploads\/2024\/07\/wordmap-scaled.jpg\" \/>\n\t<meta property=\"og:image:width\" content=\"2560\" \/>\n\t<meta property=\"og:image:height\" content=\"1525\" \/>\n\t<meta property=\"og:image:type\" content=\"image\/jpeg\" \/>\n<meta name=\"twitter:card\" content=\"summary_large_image\" \/>\n<meta name=\"twitter:label1\" content=\"Estimation du temps de lecture\" \/>\n\t<meta name=\"twitter:data1\" content=\"3 minutes\" \/>\n<script type=\"application\/ld+json\" class=\"yoast-schema-graph\">{\"@context\":\"https:\\\/\\\/schema.org\",\"@graph\":[{\"@type\":\"WebPage\",\"@id\":\"https:\\\/\\\/phcventures.ca\\\/commercialization\\\/\",\"url\":\"https:\\\/\\\/phcventures.ca\\\/commercialization\\\/\",\"name\":\"Commercialization | Providence Health Care Ventures\",\"isPartOf\":{\"@id\":\"https:\\\/\\\/phcventures.ca\\\/#website\"},\"primaryImageOfPage\":{\"@id\":\"https:\\\/\\\/phcventures.ca\\\/commercialization\\\/#primaryimage\"},\"image\":{\"@id\":\"https:\\\/\\\/phcventures.ca\\\/commercialization\\\/#primaryimage\"},\"thumbnailUrl\":\"https:\\\/\\\/phcventures.ca\\\/wp-content\\\/uploads\\\/2024\\\/07\\\/wordmap-scaled.jpg\",\"datePublished\":\"2024-06-03T16:54:53+00:00\",\"dateModified\":\"2024-08-30T17:32:57+00:00\",\"breadcrumb\":{\"@id\":\"https:\\\/\\\/phcventures.ca\\\/commercialization\\\/#breadcrumb\"},\"inLanguage\":\"fr-CA\",\"potentialAction\":[{\"@type\":\"ReadAction\",\"target\":[\"https:\\\/\\\/phcventures.ca\\\/commercialization\\\/\"]}]},{\"@type\":\"ImageObject\",\"inLanguage\":\"fr-CA\",\"@id\":\"https:\\\/\\\/phcventures.ca\\\/commercialization\\\/#primaryimage\",\"url\":\"https:\\\/\\\/phcventures.ca\\\/wp-content\\\/uploads\\\/2024\\\/07\\\/wordmap-scaled.jpg\",\"contentUrl\":\"https:\\\/\\\/phcventures.ca\\\/wp-content\\\/uploads\\\/2024\\\/07\\\/wordmap-scaled.jpg\",\"width\":2560,\"height\":1525},{\"@type\":\"BreadcrumbList\",\"@id\":\"https:\\\/\\\/phcventures.ca\\\/commercialization\\\/#breadcrumb\",\"itemListElement\":[{\"@type\":\"ListItem\",\"position\":1,\"name\":\"Home\",\"item\":\"https:\\\/\\\/phcventures.ca\\\/\"},{\"@type\":\"ListItem\",\"position\":2,\"name\":\"Commercialization\"}]},{\"@type\":\"WebSite\",\"@id\":\"https:\\\/\\\/phcventures.ca\\\/#website\",\"url\":\"https:\\\/\\\/phcventures.ca\\\/\",\"name\":\"Providence Health Care Ventures\",\"description\":\"\",\"publisher\":{\"@id\":\"https:\\\/\\\/phcventures.ca\\\/#organization\"},\"potentialAction\":[{\"@type\":\"SearchAction\",\"target\":{\"@type\":\"EntryPoint\",\"urlTemplate\":\"https:\\\/\\\/phcventures.ca\\\/?s={search_term_string}\"},\"query-input\":{\"@type\":\"PropertyValueSpecification\",\"valueRequired\":true,\"valueName\":\"search_term_string\"}}],\"inLanguage\":\"fr-CA\"},{\"@type\":\"Organization\",\"@id\":\"https:\\\/\\\/phcventures.ca\\\/#organization\",\"name\":\"Providence Health Care Ventures\",\"url\":\"https:\\\/\\\/phcventures.ca\\\/\",\"logo\":{\"@type\":\"ImageObject\",\"inLanguage\":\"fr-CA\",\"@id\":\"https:\\\/\\\/phcventures.ca\\\/#\\\/schema\\\/logo\\\/image\\\/\",\"url\":\"https:\\\/\\\/phcventures.ca\\\/wp-content\\\/uploads\\\/2024\\\/01\\\/PHC-Ventures-NoTagline-RGB-1.svg\",\"contentUrl\":\"https:\\\/\\\/phcventures.ca\\\/wp-content\\\/uploads\\\/2024\\\/01\\\/PHC-Ventures-NoTagline-RGB-1.svg\",\"width\":\"1024\",\"height\":\"1024\",\"caption\":\"Providence Health Care Ventures\"},\"image\":{\"@id\":\"https:\\\/\\\/phcventures.ca\\\/#\\\/schema\\\/logo\\\/image\\\/\"}}]}<\/script>\n<!-- \/ Yoast SEO plugin. -->","yoast_head_json":{"title":"Commercialisation - Providence Health Care Ventures","robots":{"index":"index","follow":"follow","max-snippet":"max-snippet:-1","max-image-preview":"max-image-preview:large","max-video-preview":"max-video-preview:-1"},"canonical":"https:\/\/phcventures.ca\/fr\/commercialization\/","og_locale":"fr_CA","og_type":"article","og_title":"Commercialization | Providence Health Care Ventures","og_description":"PHC Ventures provides the resources and network to translate ideas or research from the lab and clinic into new products and services that improve the lives of patients while generating economic opportunity.&nbsp;&nbsp;&nbsp; Get in touch PHC Ventures Commercialization Services Product testing and validation to ensure performance and efficacy for commercial readiness Business advisory for production,&hellip;","og_url":"https:\/\/phcventures.ca\/fr\/commercialization\/","og_site_name":"Providence Health Care Ventures","article_modified_time":"2024-08-30T17:32:57+00:00","og_image":[{"width":2560,"height":1525,"url":"https:\/\/phcventures.ca\/wp-content\/uploads\/2024\/07\/wordmap-scaled.jpg","type":"image\/jpeg"}],"twitter_card":"summary_large_image","twitter_misc":{"Estimation du temps de lecture":"3 minutes"},"schema":{"@context":"https:\/\/schema.org","@graph":[{"@type":"WebPage","@id":"https:\/\/phcventures.ca\/commercialization\/","url":"https:\/\/phcventures.ca\/commercialization\/","name":"Commercialisation - Providence Health Care Ventures","isPartOf":{"@id":"https:\/\/phcventures.ca\/#website"},"primaryImageOfPage":{"@id":"https:\/\/phcventures.ca\/commercialization\/#primaryimage"},"image":{"@id":"https:\/\/phcventures.ca\/commercialization\/#primaryimage"},"thumbnailUrl":"https:\/\/phcventures.ca\/wp-content\/uploads\/2024\/07\/wordmap-scaled.jpg","datePublished":"2024-06-03T16:54:53+00:00","dateModified":"2024-08-30T17:32:57+00:00","breadcrumb":{"@id":"https:\/\/phcventures.ca\/commercialization\/#breadcrumb"},"inLanguage":"fr-CA","potentialAction":[{"@type":"ReadAction","target":["https:\/\/phcventures.ca\/commercialization\/"]}]},{"@type":"ImageObject","inLanguage":"fr-CA","@id":"https:\/\/phcventures.ca\/commercialization\/#primaryimage","url":"https:\/\/phcventures.ca\/wp-content\/uploads\/2024\/07\/wordmap-scaled.jpg","contentUrl":"https:\/\/phcventures.ca\/wp-content\/uploads\/2024\/07\/wordmap-scaled.jpg","width":2560,"height":1525},{"@type":"BreadcrumbList","@id":"https:\/\/phcventures.ca\/commercialization\/#breadcrumb","itemListElement":[{"@type":"ListItem","position":1,"name":"Home","item":"https:\/\/phcventures.ca\/"},{"@type":"ListItem","position":2,"name":"Commercialization"}]},{"@type":"WebSite","@id":"https:\/\/phcventures.ca\/#website","url":"https:\/\/phcventures.ca\/","name":"Providence Health Care Ventures","description":"","publisher":{"@id":"https:\/\/phcventures.ca\/#organization"},"potentialAction":[{"@type":"SearchAction","target":{"@type":"EntryPoint","urlTemplate":"https:\/\/phcventures.ca\/?s={search_term_string}"},"query-input":{"@type":"PropertyValueSpecification","valueRequired":true,"valueName":"search_term_string"}}],"inLanguage":"fr-CA"},{"@type":"Organization","@id":"https:\/\/phcventures.ca\/#organization","name":"Providence Health Care Ventures","url":"https:\/\/phcventures.ca\/","logo":{"@type":"ImageObject","inLanguage":"fr-CA","@id":"https:\/\/phcventures.ca\/#\/schema\/logo\/image\/","url":"https:\/\/phcventures.ca\/wp-content\/uploads\/2024\/01\/PHC-Ventures-NoTagline-RGB-1.svg","contentUrl":"https:\/\/phcventures.ca\/wp-content\/uploads\/2024\/01\/PHC-Ventures-NoTagline-RGB-1.svg","width":"1024","height":"1024","caption":"Providence Health Care Ventures"},"image":{"@id":"https:\/\/phcventures.ca\/#\/schema\/logo\/image\/"}}]}},"_links":{"self":[{"href":"https:\/\/phcventures.ca\/fr\/wp-json\/wp\/v2\/pages\/1207","targetHints":{"allow":["GET"]}}],"collection":[{"href":"https:\/\/phcventures.ca\/fr\/wp-json\/wp\/v2\/pages"}],"about":[{"href":"https:\/\/phcventures.ca\/fr\/wp-json\/wp\/v2\/types\/page"}],"author":[{"embeddable":true,"href":"https:\/\/phcventures.ca\/fr\/wp-json\/wp\/v2\/users\/5"}],"replies":[{"embeddable":true,"href":"https:\/\/phcventures.ca\/fr\/wp-json\/wp\/v2\/comments?post=1207"}],"version-history":[{"count":5,"href":"https:\/\/phcventures.ca\/fr\/wp-json\/wp\/v2\/pages\/1207\/revisions"}],"predecessor-version":[{"id":1763,"href":"https:\/\/phcventures.ca\/fr\/wp-json\/wp\/v2\/pages\/1207\/revisions\/1763"}],"wp:featuredmedia":[{"embeddable":true,"href":"https:\/\/phcventures.ca\/fr\/wp-json\/wp\/v2\/media\/1444"}],"wp:attachment":[{"href":"https:\/\/phcventures.ca\/fr\/wp-json\/wp\/v2\/media?parent=1207"}],"curies":[{"name":"wp","href":"https:\/\/api.w.org\/{rel}","templated":true}]}}