{"id":1049,"date":"2024-06-03T09:52:43","date_gmt":"2024-06-03T16:52:43","guid":{"rendered":"https:\/\/phcventures.ca\/?page_id=1049"},"modified":"2026-02-25T09:54:44","modified_gmt":"2026-02-25T17:54:44","slug":"venture-fund","status":"publish","type":"page","link":"https:\/\/phcventures.ca\/fr\/venture-fund\/","title":{"rendered":"Fonds de capital-risque"},"content":{"rendered":"<h2>Fonds de capital-risque<\/h2>\n\t<h2>Investir dans les nouvelles id\u00e9es les plus brillantes en mati\u00e8re de soins de sant\u00e9<\/h2>\n\t<p>PHC Ventures connects startups and disruptive technologies with a world-class teaching and research hospital, a network of clinical experts, extensive data, and capital. Our venture fund has been designed to generate innovative profits to drive breakthroughs in health care, contribute to social good, the environment, and the BC economy.<\/p>\n<p>\u00a0<\/p>\n<h2>\n\t\t\tNos domaines d'intervention\t<\/h2>\n<figure itemscope itemtype=\"https:\/\/schema.org\/ImageObject\">\n\t\t\t\t<img decoding=\"async\" src=\"https:\/\/phcventures.ca\/wp-content\/uploads\/2024\/08\/Digital-health-icon.png\" alt=\"Digital-health-icon\" height=\"480\" width=\"480\" title=\"Ic\u00f4ne de sant\u00e9 num\u00e9rique\" onerror=\"this.style.display='none'\" loading=\"lazy\" \/>\n\t<\/figure>\n<h2>\n\t\t\tSant\u00e9 num\u00e9rique\t<\/h2>\n<figure itemscope itemtype=\"https:\/\/schema.org\/ImageObject\">\n\t\t\t\t<img decoding=\"async\" src=\"https:\/\/phcventures.ca\/wp-content\/uploads\/2024\/08\/Bio-technology-icon.png\" alt=\"Bio-technology-icon\" height=\"480\" width=\"480\" title=\"Ic\u00f4ne de biotechnologie\" onerror=\"this.style.display='none'\" loading=\"lazy\" \/>\n\t<\/figure>\n<h2>\n\t\t\tBiotechnologie\t<\/h2>\n<figure itemscope itemtype=\"https:\/\/schema.org\/ImageObject\">\n\t\t\t\t<img decoding=\"async\" src=\"https:\/\/phcventures.ca\/wp-content\/uploads\/2024\/08\/Medical-services-icon.png\" alt=\"Medical-services-icon\" height=\"480\" width=\"480\" title=\"Ic\u00f4ne des services m\u00e9dicaux\" onerror=\"this.style.display='none'\" loading=\"lazy\" \/>\n\t<\/figure>\n<h2>\n\t\t\tDispositifs m\u00e9dicaux\t<\/h2>\n<figure itemscope itemtype=\"https:\/\/schema.org\/ImageObject\">\n\t\t\t\t<img decoding=\"async\" src=\"https:\/\/phcventures.ca\/wp-content\/uploads\/2024\/08\/Diagnostics-icon.png\" alt=\"Diagnostics-icon\" height=\"480\" width=\"480\" title=\"Ic\u00f4ne de diagnostic\" onerror=\"this.style.display='none'\" loading=\"lazy\" \/>\n\t<\/figure>\n<h2>\n\t\t\tDiagnostics\t<\/h2>\n<figure itemscope itemtype=\"https:\/\/schema.org\/ImageObject\">\n\t\t\t\t<img decoding=\"async\" src=\"https:\/\/phcventures.ca\/wp-content\/uploads\/2024\/08\/Pharmaceuticals-icon.png\" alt=\"Pharmaceuticals-icon\" height=\"480\" width=\"480\" title=\"Ic\u00f4ne pharmaceutique\" onerror=\"this.style.display='none'\" loading=\"lazy\" \/>\n\t<\/figure>\n<h2>\n\t\t\tProduits pharmaceutiques\t<\/h2>\n\t\t<h2>\n\t\t\tInvestment Profile\n\t\t\t\t\t\t\t\t\t\t\tTotal Flow Medical\n\t\t<\/h2>\n\t<p>PHC Ventures has played a crucial role in advancing Total Flow Medical&#8217;s innovative cannula, which addresses blood flow issues during heart surgery. This support has been pivotal in moving this breakthrough technology from concept to clinical application, enhancing patient safety and care outcomes.\u00a0<\/p>\n\t<iframe allowfullscreen allow=\"autoplay\" data-src=\"https:\/\/player.vimeo.com\/video\/999275533?color&amp;autopause=0&amp;loop=0&amp;muted=0&amp;title=0&amp;portrait=0&amp;byline=0&amp;h\"><\/iframe>\t\t\n\t\t\t\t\tPlay Video\n<h2>\n\t\t\tT\u00e9moignage\t<\/h2>\n<figure data-animation-delay=\"0\" data-animation-duration=\"1\" itemscope itemtype=\"https:\/\/schema.org\/ImageObject\">\n\t\t\t\t<img decoding=\"async\" src=\"https:\/\/phcventures.ca\/wp-content\/uploads\/2024\/08\/Total_flow_medical_logo.png\" alt=\"Total_flow_medical_logo\" height=\"533\" width=\"800\" title=\"Total_flow_medical_logo\" onerror=\"this.style.display='none'\" loading=\"lazy\" \/>\n\t<\/figure>\n\t\t\n\t\t\t&#8220;Providence health care Ventures has been an extraordinary support to us, right from the very beginning in our early conversations we&#8217;ve had together. From offering support within networking, to financial support, to helping our company deliver these medical devices into the hand of surgeons to improve these patients&#8217; lives.&#8221;\n\t\t\t\t\t\t\t\t\t\t\tHillary Pierce, Total Flow Medical CEO.\n\t\t\n<figure itemscope itemtype=\"https:\/\/schema.org\/ImageObject\">\n\t\t\t\t<img decoding=\"async\" src=\"https:\/\/phcventures.ca\/wp-content\/uploads\/2024\/08\/new-st-pauls-hospital-render.jpg\" alt=\"new-st-pauls-hospital-render\" height=\"1200\" width=\"1600\" title=\"new-st-pauls-hospital-render\" onerror=\"this.style.display='none'\" loading=\"lazy\" \/>\n\t<\/figure>\n<h2>\n\t\t\tL'avantage PHC Ventures\t<\/h2>\n\t<p>Leverage our competitive edge with access to world-class hospital and research facilities, a vast network of clinical and industry connections, and cutting-edge data and capital resources. This triple innovation advantage propels your health care startup to new heights, ensuring unparalleled support and growth.\u00a0<\/p>\n<h2>\n\t\t\tInvestissements courants\t<\/h2>\n        \t<a href=\"https:\/\/www.difinity.ca\/\" target=\"_self\">            \n\t\t\t\t\t\t<img decoding=\"async\" src=\"https:\/\/phcventures.ca\/wp-content\/uploads\/2024\/05\/4-1.png\" alt=\"Difinity logo\" data-no-lazy=\"1\" \/>\t\t\t\t\t\n                            <p>Logo Difinity<\/p>\n            <\/a>\t\t\n        \t<a href=\"https:\/\/www.voxcellbio.com\/\" target=\"_self\">            \n\t\t\t\t\t\t<img decoding=\"async\" src=\"https:\/\/phcventures.ca\/wp-content\/uploads\/2024\/05\/VoxCell-BioInnovation-logo.png\" alt=\"VoxCell Bioinnovation\" data-no-lazy=\"1\" \/>\t\t\t\t\t\n                            <p>VoxCell Bioinnovation<\/p>\n            <\/a>\t\t\n        \t<a href=\"https:\/\/www.totalflowmedical.com\/\" target=\"_self\">            \n\t\t\t\t\t\t<img decoding=\"async\" src=\"https:\/\/phcventures.ca\/wp-content\/uploads\/2024\/05\/total-flow-logo.png\" alt=\"TotalFlow Medical\" data-no-lazy=\"1\" \/>\t\t\t\t\t\n                            <p>TotalFlow Medical<\/p>\n            <\/a>\t\t\n        \t<a href=\"https:\/\/www.thrive.health\/\" target=\"_self\">            \n\t\t\t\t\t\t<img decoding=\"async\" src=\"https:\/\/phcventures.ca\/wp-content\/uploads\/2024\/05\/thrive-health-logo.png\" alt=\"Thrive Health\" data-no-lazy=\"1\" \/>\t\t\t\t\t\n                            <p>Thrive Health<\/p>\n            <\/a>\t\t\n        \t<a href=\"https:\/\/www.excelar.ca\/subsidiaries\/\" target=\"_self\">            \n\t\t\t\t\t\t<img decoding=\"async\" src=\"https:\/\/phcventures.ca\/wp-content\/uploads\/2024\/05\/careflow-technologies-logo.png\" alt=\"CareFlow\" data-no-lazy=\"1\" \/>\t\t\t\t\t\n                            <p>CareFlow<\/p>\n            <\/a>\t\t\n        \t<a href=\"https:\/\/www.viewsml.com\/\" target=\"_self\">            \n\t\t\t\t\t\t<img decoding=\"async\" src=\"https:\/\/phcventures.ca\/wp-content\/uploads\/2024\/05\/ViewsML-logo.png\" alt=\"Views ML\" data-no-lazy=\"1\" \/>\t\t\t\t\t\n                            <p>Vues ML<\/p>\n            <\/a>\t\t\n        \t<a href=\"https:\/\/sapiensecure.io\/\" target=\"_self\">            \n\t\t\t\t\t\t<img decoding=\"async\" src=\"https:\/\/phcventures.ca\/wp-content\/uploads\/2022\/10\/logos-sapien-secure.png\" alt=\"Sapiensecure\" data-no-lazy=\"1\" \/>\t\t\t\t\t\n                            <p>Sapiensecure<\/p>\n            <\/a>\t\t\n        \t<a href=\"https:\/\/mytrials.ai\/\" target=\"_self\">            \n\t\t\t\t\t\t<img decoding=\"async\" src=\"https:\/\/phcventures.ca\/wp-content\/uploads\/2025\/05\/mytrials.ai_logo.jpg\" alt=\"Mytrials\" data-no-lazy=\"1\" \/>\t\t\t\t\t\n                            <p>Mytriaux<\/p>\n            <\/a>\t\t\n        \t<a href=\"https:\/\/www.moonrisemedical.com\/\" target=\"_self\">            \n\t\t\t\t\t\t<img decoding=\"async\" src=\"https:\/\/phcventures.ca\/wp-content\/uploads\/2025\/06\/moonrise-medical-logo-1536x983.png\" alt=\"Moonrise Medical\" data-no-lazy=\"1\" \/>\t\t\t\t\t\n                            <p>Moonrise Medical<\/p>\n            <\/a>\t\t\n        \t<a href=\"https:\/\/www.sonusmicrosystems.com\/\" target=\"_self\">            \n\t\t\t\t\t\t<img decoding=\"async\" src=\"https:\/\/phcventures.ca\/wp-content\/uploads\/2026\/02\/sonus_logo.png\" alt=\"Sonus Microsystems\" data-no-lazy=\"1\" \/>\t\t\t\t\t\n                            <p>Sonus Microsystems<\/p>\n            <\/a>\t\t\n<h2>\n\t\t\tWe are a member of the Canadian Venture Capital &#038; Private Equity Association.\t<\/h2>\n<figure itemscope itemtype=\"https:\/\/schema.org\/ImageObject\">\n\t\t\t\t<a href=\"https:\/\/www.cvca.ca\/\"  target=\"_blank\" rel=\"noopener\"  itemprop=\"url\">\n\t\t\t\t<img decoding=\"async\" src=\"https:\/\/phcventures.ca\/wp-content\/uploads\/2024\/05\/8.png\" alt=\"8\" height=\"533\" width=\"800\" title=\"8\" onerror=\"this.style.display='none'\" loading=\"lazy\" \/>\n\t\t\t\t<\/a>\n\t<\/figure>\n<h2  data-animation-delay=\"0\" data-animation-duration=\"1\">\n\t\t\tCrit\u00e8res d'investissement Strat\u00e9gie\t<\/h2>\n\t<h5>The health care technology space is projected to reach billions in the coming years as the need for cost-effective solutions continue to rise. We partner with disruptive technologies, experienced teams and scalable business models primed to make positive impacts in the future of health care.\u00a0<\/h5>\n<figure itemscope itemtype=\"https:\/\/schema.org\/ImageObject\">\n\t\t\t\t<img decoding=\"async\" src=\"https:\/\/phcventures.ca\/wp-content\/uploads\/2024\/07\/hands-holding-laptop-scaled.jpg\" alt=\"hands-holding-laptop\" height=\"1920\" width=\"2560\" title=\"mains tenant l&#039;ordinateur portable\" onerror=\"this.style.display='none'\" loading=\"lazy\" \/>\n\t<\/figure>\n<h2  data-animation-delay=\"0.0\" data-animation-duration=\"1\">\n\t\t\tInnovons ensemble\t<\/h2>\n\t<p>Prenez contact avec nous pour explorer les opportunit\u00e9s d'investissement disponibles pour votre startup, vos solutions et vos technologies en phase de d\u00e9marrage avec le Fonds de Venture et faites avancer les soins de sant\u00e9.<\/p>\n\t\t\t<a href=\"https:\/\/phcventures.ca\/fr\/connect\/\"  target=\"_self\">\n\t\t\t\t\t\t\tContactez-nous d\u00e8s aujourd'hui\n\t\t\t\t\t<\/a>\n\t\t\t\tRejoindre la liste de diffusion\n\t\t\t\t<p><br \/><\/p>\n\t\t\t\t\t\t\t\t\t<img loading=\"lazy\" decoding=\"async\" src=\"https:\/\/phcventures.ca\/wp-content\/uploads\/2024\/01\/PHC-Ventures-NoTagline-RGB-1.svg\" alt=\"Providence Health Care Ventures logo\" itemprop=\"image\" height=\"150\" width=\"150\" title=\"PHC-Ventures-NoTagline-RGB\" onerror=\"this.style.display='none'\"  \/>\n\t<p>Nous tenons \u00e0 reconna\u00eetre humblement et avec gratitude que notre travail est effectu\u00e9 sur les terres non c\u00e9d\u00e9es, traditionnelles, et ancestrales des Salish de la c\u00f4te - et en particulier des x\u02b7m\u04d9\u03b8k\u02b7\u04d9y\u0313\u04d9m (Musqueam), des S\u1e35wx\u0331w\u00fa7mesh (Squamish) et des s\u04d9li\u0313lw\u04d9ta\u026c (Tsleil-Waututh).<\/p>","protected":false},"excerpt":{"rendered":"<p>Venture Fund Investing in The Brightest New Ideas in Health care PHC Ventures connects startups and disruptive technologies with a world-class teaching and research hospital, a network of clinical experts, extensive data, and capital. Our venture fund has been designed to generate innovative profits to drive breakthroughs in health care, contribute to social good, the&hellip;<\/p>","protected":false},"author":5,"featured_media":1051,"parent":0,"menu_order":0,"comment_status":"closed","ping_status":"closed","template":"","meta":{"inline_featured_image":false,"_monsterinsights_skip_tracking":false,"_monsterinsights_sitenote_active":false,"_monsterinsights_sitenote_note":"","_monsterinsights_sitenote_category":0,"footnotes":""},"class_list":["post-1049","page","type-page","status-publish","has-post-thumbnail","hentry"],"yoast_head":"<!-- This site is optimized with the Yoast SEO plugin v27.5 - https:\/\/yoast.com\/product\/yoast-seo-wordpress\/ -->\n<title>Venture Fund | Providence Health Care Ventures<\/title>\n<meta name=\"robots\" content=\"index, follow, max-snippet:-1, max-image-preview:large, max-video-preview:-1\" \/>\n<link rel=\"canonical\" href=\"https:\/\/phcventures.ca\/fr\/venture-fund\/\" \/>\n<meta property=\"og:locale\" content=\"fr_CA\" \/>\n<meta property=\"og:type\" content=\"article\" \/>\n<meta property=\"og:title\" content=\"Venture Fund | Providence Health Care Ventures\" \/>\n<meta property=\"og:description\" content=\"Venture Fund Investing in The Brightest New Ideas in Health care PHC Ventures connects startups and disruptive technologies with a world-class teaching and research hospital, a network of clinical experts, extensive data, and capital. Our venture fund has been designed to generate innovative profits to drive breakthroughs in health care, contribute to social good, the&hellip;\" \/>\n<meta property=\"og:url\" content=\"https:\/\/phcventures.ca\/fr\/venture-fund\/\" \/>\n<meta property=\"og:site_name\" content=\"Providence Health Care Ventures\" \/>\n<meta property=\"article:modified_time\" content=\"2026-02-25T17:54:44+00:00\" \/>\n<meta property=\"og:image\" content=\"https:\/\/phcventures.ca\/wp-content\/uploads\/2024\/05\/particles-scaled.jpg\" \/>\n\t<meta property=\"og:image:width\" content=\"2560\" \/>\n\t<meta property=\"og:image:height\" content=\"1525\" \/>\n\t<meta property=\"og:image:type\" content=\"image\/jpeg\" \/>\n<meta name=\"twitter:card\" content=\"summary_large_image\" \/>\n<meta name=\"twitter:label1\" content=\"Estimation du temps de lecture\" \/>\n\t<meta name=\"twitter:data1\" content=\"6 minutes\" \/>\n<script type=\"application\/ld+json\" class=\"yoast-schema-graph\">{\"@context\":\"https:\\\/\\\/schema.org\",\"@graph\":[{\"@type\":\"WebPage\",\"@id\":\"https:\\\/\\\/phcventures.ca\\\/venture-fund\\\/\",\"url\":\"https:\\\/\\\/phcventures.ca\\\/venture-fund\\\/\",\"name\":\"Venture Fund | Providence Health Care Ventures\",\"isPartOf\":{\"@id\":\"https:\\\/\\\/phcventures.ca\\\/#website\"},\"primaryImageOfPage\":{\"@id\":\"https:\\\/\\\/phcventures.ca\\\/venture-fund\\\/#primaryimage\"},\"image\":{\"@id\":\"https:\\\/\\\/phcventures.ca\\\/venture-fund\\\/#primaryimage\"},\"thumbnailUrl\":\"https:\\\/\\\/phcventures.ca\\\/wp-content\\\/uploads\\\/2024\\\/05\\\/particles-scaled.jpg\",\"datePublished\":\"2024-06-03T16:52:43+00:00\",\"dateModified\":\"2026-02-25T17:54:44+00:00\",\"breadcrumb\":{\"@id\":\"https:\\\/\\\/phcventures.ca\\\/venture-fund\\\/#breadcrumb\"},\"inLanguage\":\"fr-CA\",\"potentialAction\":[{\"@type\":\"ReadAction\",\"target\":[\"https:\\\/\\\/phcventures.ca\\\/venture-fund\\\/\"]}]},{\"@type\":\"ImageObject\",\"inLanguage\":\"fr-CA\",\"@id\":\"https:\\\/\\\/phcventures.ca\\\/venture-fund\\\/#primaryimage\",\"url\":\"https:\\\/\\\/phcventures.ca\\\/wp-content\\\/uploads\\\/2024\\\/05\\\/particles-scaled.jpg\",\"contentUrl\":\"https:\\\/\\\/phcventures.ca\\\/wp-content\\\/uploads\\\/2024\\\/05\\\/particles-scaled.jpg\",\"width\":2560,\"height\":1525},{\"@type\":\"BreadcrumbList\",\"@id\":\"https:\\\/\\\/phcventures.ca\\\/venture-fund\\\/#breadcrumb\",\"itemListElement\":[{\"@type\":\"ListItem\",\"position\":1,\"name\":\"Home\",\"item\":\"https:\\\/\\\/phcventures.ca\\\/\"},{\"@type\":\"ListItem\",\"position\":2,\"name\":\"Venture Fund\"}]},{\"@type\":\"WebSite\",\"@id\":\"https:\\\/\\\/phcventures.ca\\\/#website\",\"url\":\"https:\\\/\\\/phcventures.ca\\\/\",\"name\":\"Providence Health Care Ventures\",\"description\":\"\",\"publisher\":{\"@id\":\"https:\\\/\\\/phcventures.ca\\\/#organization\"},\"potentialAction\":[{\"@type\":\"SearchAction\",\"target\":{\"@type\":\"EntryPoint\",\"urlTemplate\":\"https:\\\/\\\/phcventures.ca\\\/?s={search_term_string}\"},\"query-input\":{\"@type\":\"PropertyValueSpecification\",\"valueRequired\":true,\"valueName\":\"search_term_string\"}}],\"inLanguage\":\"fr-CA\"},{\"@type\":\"Organization\",\"@id\":\"https:\\\/\\\/phcventures.ca\\\/#organization\",\"name\":\"Providence Health Care Ventures\",\"url\":\"https:\\\/\\\/phcventures.ca\\\/\",\"logo\":{\"@type\":\"ImageObject\",\"inLanguage\":\"fr-CA\",\"@id\":\"https:\\\/\\\/phcventures.ca\\\/#\\\/schema\\\/logo\\\/image\\\/\",\"url\":\"https:\\\/\\\/phcventures.ca\\\/wp-content\\\/uploads\\\/2024\\\/01\\\/PHC-Ventures-NoTagline-RGB-1.svg\",\"contentUrl\":\"https:\\\/\\\/phcventures.ca\\\/wp-content\\\/uploads\\\/2024\\\/01\\\/PHC-Ventures-NoTagline-RGB-1.svg\",\"width\":\"1024\",\"height\":\"1024\",\"caption\":\"Providence Health Care Ventures\"},\"image\":{\"@id\":\"https:\\\/\\\/phcventures.ca\\\/#\\\/schema\\\/logo\\\/image\\\/\"}}]}<\/script>\n<!-- \/ Yoast SEO plugin. -->","yoast_head_json":{"title":"Venture Fund | Providence Health Care Ventures","robots":{"index":"index","follow":"follow","max-snippet":"max-snippet:-1","max-image-preview":"max-image-preview:large","max-video-preview":"max-video-preview:-1"},"canonical":"https:\/\/phcventures.ca\/fr\/venture-fund\/","og_locale":"fr_CA","og_type":"article","og_title":"Venture Fund | Providence Health Care Ventures","og_description":"Venture Fund Investing in The Brightest New Ideas in Health care PHC Ventures connects startups and disruptive technologies with a world-class teaching and research hospital, a network of clinical experts, extensive data, and capital. Our venture fund has been designed to generate innovative profits to drive breakthroughs in health care, contribute to social good, the&hellip;","og_url":"https:\/\/phcventures.ca\/fr\/venture-fund\/","og_site_name":"Providence Health Care Ventures","article_modified_time":"2026-02-25T17:54:44+00:00","og_image":[{"width":2560,"height":1525,"url":"https:\/\/phcventures.ca\/wp-content\/uploads\/2024\/05\/particles-scaled.jpg","type":"image\/jpeg"}],"twitter_card":"summary_large_image","twitter_misc":{"Estimation du temps de lecture":"6 minutes"},"schema":{"@context":"https:\/\/schema.org","@graph":[{"@type":"WebPage","@id":"https:\/\/phcventures.ca\/venture-fund\/","url":"https:\/\/phcventures.ca\/venture-fund\/","name":"Venture Fund | Providence Health Care Ventures","isPartOf":{"@id":"https:\/\/phcventures.ca\/#website"},"primaryImageOfPage":{"@id":"https:\/\/phcventures.ca\/venture-fund\/#primaryimage"},"image":{"@id":"https:\/\/phcventures.ca\/venture-fund\/#primaryimage"},"thumbnailUrl":"https:\/\/phcventures.ca\/wp-content\/uploads\/2024\/05\/particles-scaled.jpg","datePublished":"2024-06-03T16:52:43+00:00","dateModified":"2026-02-25T17:54:44+00:00","breadcrumb":{"@id":"https:\/\/phcventures.ca\/venture-fund\/#breadcrumb"},"inLanguage":"fr-CA","potentialAction":[{"@type":"ReadAction","target":["https:\/\/phcventures.ca\/venture-fund\/"]}]},{"@type":"ImageObject","inLanguage":"fr-CA","@id":"https:\/\/phcventures.ca\/venture-fund\/#primaryimage","url":"https:\/\/phcventures.ca\/wp-content\/uploads\/2024\/05\/particles-scaled.jpg","contentUrl":"https:\/\/phcventures.ca\/wp-content\/uploads\/2024\/05\/particles-scaled.jpg","width":2560,"height":1525},{"@type":"BreadcrumbList","@id":"https:\/\/phcventures.ca\/venture-fund\/#breadcrumb","itemListElement":[{"@type":"ListItem","position":1,"name":"Home","item":"https:\/\/phcventures.ca\/"},{"@type":"ListItem","position":2,"name":"Venture Fund"}]},{"@type":"WebSite","@id":"https:\/\/phcventures.ca\/#website","url":"https:\/\/phcventures.ca\/","name":"Providence Health Care Ventures","description":"","publisher":{"@id":"https:\/\/phcventures.ca\/#organization"},"potentialAction":[{"@type":"SearchAction","target":{"@type":"EntryPoint","urlTemplate":"https:\/\/phcventures.ca\/?s={search_term_string}"},"query-input":{"@type":"PropertyValueSpecification","valueRequired":true,"valueName":"search_term_string"}}],"inLanguage":"fr-CA"},{"@type":"Organization","@id":"https:\/\/phcventures.ca\/#organization","name":"Providence Health Care Ventures","url":"https:\/\/phcventures.ca\/","logo":{"@type":"ImageObject","inLanguage":"fr-CA","@id":"https:\/\/phcventures.ca\/#\/schema\/logo\/image\/","url":"https:\/\/phcventures.ca\/wp-content\/uploads\/2024\/01\/PHC-Ventures-NoTagline-RGB-1.svg","contentUrl":"https:\/\/phcventures.ca\/wp-content\/uploads\/2024\/01\/PHC-Ventures-NoTagline-RGB-1.svg","width":"1024","height":"1024","caption":"Providence Health Care Ventures"},"image":{"@id":"https:\/\/phcventures.ca\/#\/schema\/logo\/image\/"}}]}},"_links":{"self":[{"href":"https:\/\/phcventures.ca\/fr\/wp-json\/wp\/v2\/pages\/1049","targetHints":{"allow":["GET"]}}],"collection":[{"href":"https:\/\/phcventures.ca\/fr\/wp-json\/wp\/v2\/pages"}],"about":[{"href":"https:\/\/phcventures.ca\/fr\/wp-json\/wp\/v2\/types\/page"}],"author":[{"embeddable":true,"href":"https:\/\/phcventures.ca\/fr\/wp-json\/wp\/v2\/users\/5"}],"replies":[{"embeddable":true,"href":"https:\/\/phcventures.ca\/fr\/wp-json\/wp\/v2\/comments?post=1049"}],"version-history":[{"count":5,"href":"https:\/\/phcventures.ca\/fr\/wp-json\/wp\/v2\/pages\/1049\/revisions"}],"predecessor-version":[{"id":2190,"href":"https:\/\/phcventures.ca\/fr\/wp-json\/wp\/v2\/pages\/1049\/revisions\/2190"}],"wp:featuredmedia":[{"embeddable":true,"href":"https:\/\/phcventures.ca\/fr\/wp-json\/wp\/v2\/media\/1051"}],"wp:attachment":[{"href":"https:\/\/phcventures.ca\/fr\/wp-json\/wp\/v2\/media?parent=1049"}],"curies":[{"name":"wp","href":"https:\/\/api.w.org\/{rel}","templated":true}]}}