{"id":1004,"date":"2024-06-03T09:49:56","date_gmt":"2024-06-03T16:49:56","guid":{"rendered":"https:\/\/phcventures.ca\/?page_id=1004"},"modified":"2025-06-30T15:12:44","modified_gmt":"2025-06-30T22:12:44","slug":"our-partners","status":"publish","type":"page","link":"https:\/\/phcventures.ca\/fr\/our-partners\/","title":{"rendered":"Nos partenaires"},"content":{"rendered":"<h2>Nos partenaires<\/h2>\n\t\t\n\t\t\tInnovons ensemble\n\t\t\n\t<p>Join us in driving health care forward. As the architects of tomorrow&#8217;s health care, we invite the bold and visionary to explore how their investment can make a difference. Our commitment to ethical practices ensures ventures benefit all, aligning with PHC&#8217;s values and mission.\u00a0<\/p>\n\t\t\n\t\t\tnos partenaires en mati\u00e8re d'innovation dans le domaine de la sant\u00e9\n\t\t\n\t<p>T\u00e9moignages<\/p>\n\t\t\t\t<img decoding=\"async\" src=\"https:\/\/phcventures.ca\/wp-content\/uploads\/2024\/05\/CLARIUS-white-logo.png\" alt=\"CLARIUS-white-logo\" itemprop=\"image\" height=\"533\" width=\"800\" title=\"CLARIUS-white-logo\" onerror=\"this.style.display='none'\" loading='lazy' \/>\n\t\t\n\t\t\t\u201cPHC Ventures a fait preuve de leadership et de vision dans le cadre d'un projet qui investissait dans la technologie pour les praticiens ruraux, ce qui sortait de son champ d'action habituel. Cela t\u00e9moigne de leur engagement en faveur de l'innovation et des soins cliniques, non seulement pour leur organisation, mais aussi pour l'ensemble du syst\u00e8me de soins de sant\u00e9.\n\t\t\t\t\t\t\t\t\t\t\tJulius Ho, vice-pr\u00e9sident des affaires juridiques, Clarius.\n\t\t\n\t\t\t<p>Clarius a collabor\u00e9 avec PHC Ventures pour mettre la technologie de l'\u00e9chographie au point de service \u00e0 la disposition des prestataires de soins de sant\u00e9 dans les communaut\u00e9s rurales.<\/p>\t\t\n\t\t\t\t<img decoding=\"async\" src=\"https:\/\/phcventures.ca\/wp-content\/uploads\/2024\/05\/14.png\" alt=\"14\" itemprop=\"image\" height=\"533\" width=\"800\" title=\"14\" onerror=\"this.style.display='none'\" loading='lazy' \/>\n\t\t\n\t\t\t&#8220;PHC Ventures offers full stack partnership to support the invention, adoption and commercialization of digital health solutions,&#8221; says Nadia Shaikh-Naeem, Vice President, Program at DIGITAL, Canada&#8217;s Global Innovation Cluster for digital technologies. &#8220;Their access to clinical input and their deep knowledge about integration of technologies into existing care delivery, workflow and processes is a game changer for innovators.&#8221;\n\t\t\t\t\t\t\t\t\t\t\tNadia Shaikh-Naeem, Vice President, Programs, DIGITAL.\n\t\t\n\t\t\t\tJoin Mailing List\n\t\t\t\t<p><br \/><\/p>\n\t\t\t\t\t\t\t\t\t<img loading=\"lazy\" decoding=\"async\" src=\"https:\/\/phcventures.ca\/wp-content\/uploads\/2024\/01\/PHC-Ventures-NoTagline-RGB-1.svg\" alt=\"PHC-Ventures-NoTagline-RGB\" itemprop=\"image\" height=\"150\" width=\"150\" title=\"PHC-Ventures-NoTagline-RGB\" onerror=\"this.style.display='none'\"  \/>\n\t<p>Nous tenons \u00e0 reconna\u00eetre humblement et avec gratitude que notre travail est effectu\u00e9 sur les terres non c\u00e9d\u00e9es, traditionnelles, et ancestrales des Salish de la c\u00f4te - et en particulier des x\u02b7m\u04d9\u03b8k\u02b7\u04d9y\u0313\u04d9m (Musqueam), des S\u1e35wx\u0331w\u00fa7mesh (Squamish) et des s\u04d9li\u0313lw\u04d9ta\u026c (Tsleil-Waututh).<\/p>","protected":false},"excerpt":{"rendered":"<p>Our Partners Let&#8217;s innovate together Join us in driving health care forward. As the architects of tomorrow&#8217;s health care, we invite the bold and visionary to explore how their investment can make a difference. Our commitment to ethical practices ensures ventures benefit all, aligning with PHC&#8217;s values and mission.\u00a0 our partners in health innovation Testimonials&hellip;<\/p>","protected":false},"author":5,"featured_media":1031,"parent":0,"menu_order":0,"comment_status":"closed","ping_status":"closed","template":"","meta":{"inline_featured_image":false,"_monsterinsights_skip_tracking":false,"_monsterinsights_sitenote_active":false,"_monsterinsights_sitenote_note":"","_monsterinsights_sitenote_category":0,"footnotes":""},"class_list":["post-1004","page","type-page","status-publish","has-post-thumbnail","hentry"],"yoast_head":"<!-- This site is optimized with the Yoast SEO plugin v27.5 - https:\/\/yoast.com\/product\/yoast-seo-wordpress\/ -->\n<title>Our Partners | Providence Health Care Ventures<\/title>\n<meta name=\"robots\" content=\"index, follow, max-snippet:-1, max-image-preview:large, max-video-preview:-1\" \/>\n<link rel=\"canonical\" href=\"https:\/\/phcventures.ca\/fr\/our-partners\/\" \/>\n<meta property=\"og:locale\" content=\"fr_CA\" \/>\n<meta property=\"og:type\" content=\"article\" \/>\n<meta property=\"og:title\" content=\"Our Partners | Providence Health Care Ventures\" \/>\n<meta property=\"og:description\" content=\"Our Partners Let&#8217;s innovate together Join us in driving health care forward. As the architects of tomorrow&#8217;s health care, we invite the bold and visionary to explore how their investment can make a difference. Our commitment to ethical practices ensures ventures benefit all, aligning with PHC&#8217;s values and mission.\u00a0 our partners in health innovation Testimonials&hellip;\" \/>\n<meta property=\"og:url\" content=\"https:\/\/phcventures.ca\/fr\/our-partners\/\" \/>\n<meta property=\"og:site_name\" content=\"Providence Health Care Ventures\" \/>\n<meta property=\"article:modified_time\" content=\"2025-06-30T22:12:44+00:00\" \/>\n<meta property=\"og:image\" content=\"https:\/\/phcventures.ca\/wp-content\/uploads\/2024\/05\/4-1-scaled.jpg\" \/>\n\t<meta property=\"og:image:width\" content=\"2560\" \/>\n\t<meta property=\"og:image:height\" content=\"1525\" \/>\n\t<meta property=\"og:image:type\" content=\"image\/jpeg\" \/>\n<meta name=\"twitter:card\" content=\"summary_large_image\" \/>\n<meta name=\"twitter:label1\" content=\"Estimation du temps de lecture\" \/>\n\t<meta name=\"twitter:data1\" content=\"16 minutes\" \/>\n<script type=\"application\/ld+json\" class=\"yoast-schema-graph\">{\"@context\":\"https:\\\/\\\/schema.org\",\"@graph\":[{\"@type\":\"WebPage\",\"@id\":\"https:\\\/\\\/phcventures.ca\\\/our-partners\\\/\",\"url\":\"https:\\\/\\\/phcventures.ca\\\/our-partners\\\/\",\"name\":\"Our Partners | Providence Health Care Ventures\",\"isPartOf\":{\"@id\":\"https:\\\/\\\/phcventures.ca\\\/#website\"},\"primaryImageOfPage\":{\"@id\":\"https:\\\/\\\/phcventures.ca\\\/our-partners\\\/#primaryimage\"},\"image\":{\"@id\":\"https:\\\/\\\/phcventures.ca\\\/our-partners\\\/#primaryimage\"},\"thumbnailUrl\":\"https:\\\/\\\/phcventures.ca\\\/wp-content\\\/uploads\\\/2024\\\/05\\\/4-1-scaled.jpg\",\"datePublished\":\"2024-06-03T16:49:56+00:00\",\"dateModified\":\"2025-06-30T22:12:44+00:00\",\"breadcrumb\":{\"@id\":\"https:\\\/\\\/phcventures.ca\\\/our-partners\\\/#breadcrumb\"},\"inLanguage\":\"fr-CA\",\"potentialAction\":[{\"@type\":\"ReadAction\",\"target\":[\"https:\\\/\\\/phcventures.ca\\\/our-partners\\\/\"]}]},{\"@type\":\"ImageObject\",\"inLanguage\":\"fr-CA\",\"@id\":\"https:\\\/\\\/phcventures.ca\\\/our-partners\\\/#primaryimage\",\"url\":\"https:\\\/\\\/phcventures.ca\\\/wp-content\\\/uploads\\\/2024\\\/05\\\/4-1-scaled.jpg\",\"contentUrl\":\"https:\\\/\\\/phcventures.ca\\\/wp-content\\\/uploads\\\/2024\\\/05\\\/4-1-scaled.jpg\",\"width\":2560,\"height\":1525},{\"@type\":\"BreadcrumbList\",\"@id\":\"https:\\\/\\\/phcventures.ca\\\/our-partners\\\/#breadcrumb\",\"itemListElement\":[{\"@type\":\"ListItem\",\"position\":1,\"name\":\"Home\",\"item\":\"https:\\\/\\\/phcventures.ca\\\/\"},{\"@type\":\"ListItem\",\"position\":2,\"name\":\"Our Partners\"}]},{\"@type\":\"WebSite\",\"@id\":\"https:\\\/\\\/phcventures.ca\\\/#website\",\"url\":\"https:\\\/\\\/phcventures.ca\\\/\",\"name\":\"Providence Health Care Ventures\",\"description\":\"\",\"publisher\":{\"@id\":\"https:\\\/\\\/phcventures.ca\\\/#organization\"},\"potentialAction\":[{\"@type\":\"SearchAction\",\"target\":{\"@type\":\"EntryPoint\",\"urlTemplate\":\"https:\\\/\\\/phcventures.ca\\\/?s={search_term_string}\"},\"query-input\":{\"@type\":\"PropertyValueSpecification\",\"valueRequired\":true,\"valueName\":\"search_term_string\"}}],\"inLanguage\":\"fr-CA\"},{\"@type\":\"Organization\",\"@id\":\"https:\\\/\\\/phcventures.ca\\\/#organization\",\"name\":\"Providence Health Care Ventures\",\"url\":\"https:\\\/\\\/phcventures.ca\\\/\",\"logo\":{\"@type\":\"ImageObject\",\"inLanguage\":\"fr-CA\",\"@id\":\"https:\\\/\\\/phcventures.ca\\\/#\\\/schema\\\/logo\\\/image\\\/\",\"url\":\"https:\\\/\\\/phcventures.ca\\\/wp-content\\\/uploads\\\/2024\\\/01\\\/PHC-Ventures-NoTagline-RGB-1.svg\",\"contentUrl\":\"https:\\\/\\\/phcventures.ca\\\/wp-content\\\/uploads\\\/2024\\\/01\\\/PHC-Ventures-NoTagline-RGB-1.svg\",\"width\":\"1024\",\"height\":\"1024\",\"caption\":\"Providence Health Care Ventures\"},\"image\":{\"@id\":\"https:\\\/\\\/phcventures.ca\\\/#\\\/schema\\\/logo\\\/image\\\/\"}}]}<\/script>\n<!-- \/ Yoast SEO plugin. -->","yoast_head_json":{"title":"Our Partners | Providence Health Care Ventures","robots":{"index":"index","follow":"follow","max-snippet":"max-snippet:-1","max-image-preview":"max-image-preview:large","max-video-preview":"max-video-preview:-1"},"canonical":"https:\/\/phcventures.ca\/fr\/our-partners\/","og_locale":"fr_CA","og_type":"article","og_title":"Our Partners | Providence Health Care Ventures","og_description":"Our Partners Let&#8217;s innovate together Join us in driving health care forward. As the architects of tomorrow&#8217;s health care, we invite the bold and visionary to explore how their investment can make a difference. Our commitment to ethical practices ensures ventures benefit all, aligning with PHC&#8217;s values and mission.\u00a0 our partners in health innovation Testimonials&hellip;","og_url":"https:\/\/phcventures.ca\/fr\/our-partners\/","og_site_name":"Providence Health Care Ventures","article_modified_time":"2025-06-30T22:12:44+00:00","og_image":[{"width":2560,"height":1525,"url":"https:\/\/phcventures.ca\/wp-content\/uploads\/2024\/05\/4-1-scaled.jpg","type":"image\/jpeg"}],"twitter_card":"summary_large_image","twitter_misc":{"Estimation du temps de lecture":"16 minutes"},"schema":{"@context":"https:\/\/schema.org","@graph":[{"@type":"WebPage","@id":"https:\/\/phcventures.ca\/our-partners\/","url":"https:\/\/phcventures.ca\/our-partners\/","name":"Our Partners | Providence Health Care Ventures","isPartOf":{"@id":"https:\/\/phcventures.ca\/#website"},"primaryImageOfPage":{"@id":"https:\/\/phcventures.ca\/our-partners\/#primaryimage"},"image":{"@id":"https:\/\/phcventures.ca\/our-partners\/#primaryimage"},"thumbnailUrl":"https:\/\/phcventures.ca\/wp-content\/uploads\/2024\/05\/4-1-scaled.jpg","datePublished":"2024-06-03T16:49:56+00:00","dateModified":"2025-06-30T22:12:44+00:00","breadcrumb":{"@id":"https:\/\/phcventures.ca\/our-partners\/#breadcrumb"},"inLanguage":"fr-CA","potentialAction":[{"@type":"ReadAction","target":["https:\/\/phcventures.ca\/our-partners\/"]}]},{"@type":"ImageObject","inLanguage":"fr-CA","@id":"https:\/\/phcventures.ca\/our-partners\/#primaryimage","url":"https:\/\/phcventures.ca\/wp-content\/uploads\/2024\/05\/4-1-scaled.jpg","contentUrl":"https:\/\/phcventures.ca\/wp-content\/uploads\/2024\/05\/4-1-scaled.jpg","width":2560,"height":1525},{"@type":"BreadcrumbList","@id":"https:\/\/phcventures.ca\/our-partners\/#breadcrumb","itemListElement":[{"@type":"ListItem","position":1,"name":"Home","item":"https:\/\/phcventures.ca\/"},{"@type":"ListItem","position":2,"name":"Our Partners"}]},{"@type":"WebSite","@id":"https:\/\/phcventures.ca\/#website","url":"https:\/\/phcventures.ca\/","name":"Providence Health Care Ventures","description":"","publisher":{"@id":"https:\/\/phcventures.ca\/#organization"},"potentialAction":[{"@type":"SearchAction","target":{"@type":"EntryPoint","urlTemplate":"https:\/\/phcventures.ca\/?s={search_term_string}"},"query-input":{"@type":"PropertyValueSpecification","valueRequired":true,"valueName":"search_term_string"}}],"inLanguage":"fr-CA"},{"@type":"Organization","@id":"https:\/\/phcventures.ca\/#organization","name":"Providence Health Care Ventures","url":"https:\/\/phcventures.ca\/","logo":{"@type":"ImageObject","inLanguage":"fr-CA","@id":"https:\/\/phcventures.ca\/#\/schema\/logo\/image\/","url":"https:\/\/phcventures.ca\/wp-content\/uploads\/2024\/01\/PHC-Ventures-NoTagline-RGB-1.svg","contentUrl":"https:\/\/phcventures.ca\/wp-content\/uploads\/2024\/01\/PHC-Ventures-NoTagline-RGB-1.svg","width":"1024","height":"1024","caption":"Providence Health Care Ventures"},"image":{"@id":"https:\/\/phcventures.ca\/#\/schema\/logo\/image\/"}}]}},"_links":{"self":[{"href":"https:\/\/phcventures.ca\/fr\/wp-json\/wp\/v2\/pages\/1004","targetHints":{"allow":["GET"]}}],"collection":[{"href":"https:\/\/phcventures.ca\/fr\/wp-json\/wp\/v2\/pages"}],"about":[{"href":"https:\/\/phcventures.ca\/fr\/wp-json\/wp\/v2\/types\/page"}],"author":[{"embeddable":true,"href":"https:\/\/phcventures.ca\/fr\/wp-json\/wp\/v2\/users\/5"}],"replies":[{"embeddable":true,"href":"https:\/\/phcventures.ca\/fr\/wp-json\/wp\/v2\/comments?post=1004"}],"version-history":[{"count":5,"href":"https:\/\/phcventures.ca\/fr\/wp-json\/wp\/v2\/pages\/1004\/revisions"}],"predecessor-version":[{"id":1989,"href":"https:\/\/phcventures.ca\/fr\/wp-json\/wp\/v2\/pages\/1004\/revisions\/1989"}],"wp:featuredmedia":[{"embeddable":true,"href":"https:\/\/phcventures.ca\/fr\/wp-json\/wp\/v2\/media\/1031"}],"wp:attachment":[{"href":"https:\/\/phcventures.ca\/fr\/wp-json\/wp\/v2\/media?parent=1004"}],"curies":[{"name":"wp","href":"https:\/\/api.w.org\/{rel}","templated":true}]}}